{"id":26949,"date":"2018-05-28T16:42:28","date_gmt":"2018-05-28T14:42:28","guid":{"rendered":"https:\/\/www.taxi-garage.de\/cms\/?page_id=26949"},"modified":"2025-08-15T09:36:40","modified_gmt":"2025-08-15T07:36:40","slug":"unterlagen-zur-eichabnahme","status":"publish","type":"page","link":"https:\/\/www.taxi-garage.de\/cms\/taxi-werkstatt\/unterlagen-zur-eichabnahme\/","title":{"rendered":"Unterlagen zur Eichabnahme"},"content":{"rendered":"<p>[et_pb_section fb_built=&#8220;1&#8243; _builder_version=&#8220;4.16&#8243; custom_margin=&#8220;30px|||&#8220; custom_padding=&#8220;0px||0px|&#8220; global_colors_info=&#8220;{}&#8220;][et_pb_row _builder_version=&#8220;4.16&#8243; module_alignment=&#8220;center&#8220; global_colors_info=&#8220;{}&#8220;][et_pb_column type=&#8220;4_4&#8243; _builder_version=&#8220;4.16&#8243; custom_padding=&#8220;|||&#8220; global_colors_info=&#8220;{}&#8220; custom_padding__hover=&#8220;|||&#8220;][et_pb_text admin_label=&#8220;Headline Taxameter-Servic&#8220; _builder_version=&#8220;4.16&#8243; text_font=&#8220;Raleway||||&#8220; text_font_size=&#8220;20&#8243; text_line_height=&#8220;2em&#8220; header_font=&#8220;Montserrat|on||on|&#8220; header_text_align=&#8220;left&#8220; header_font_size=&#8220;3em&#8220; text_orientation=&#8220;center&#8220; module_alignment=&#8220;center&#8220; global_colors_info=&#8220;{}&#8220;]<\/p>\n<h1 style=\"text-align: left;\">Taxameter-Service nach neuem Eichrecht<\/h1>\n<p>[\/et_pb_text][\/et_pb_column][\/et_pb_row][\/et_pb_section][et_pb_section fb_built=&#8220;1&#8243; _builder_version=&#8220;4.16&#8243; custom_padding=&#8220;0px|||&#8220; global_colors_info=&#8220;{}&#8220;][et_pb_row column_structure=&#8220;1_2,1_2&#8243; _builder_version=&#8220;4.16&#8243; background_size=&#8220;initial&#8220; background_position=&#8220;top_left&#8220; background_repeat=&#8220;repeat&#8220; global_colors_info=&#8220;{}&#8220;][et_pb_column type=&#8220;1_2&#8243; _builder_version=&#8220;4.16&#8243; custom_padding=&#8220;|||&#8220; global_colors_info=&#8220;{}&#8220; custom_padding__hover=&#8220;|||&#8220;][et_pb_text admin_label=&#8220;Text Taxameter-Service&#8220; _builder_version=&#8220;4.16&#8243; header_font=&#8220;Montserrat|700|||||||&#8220; header_text_color=&#8220;#f4b300&#8243; header_font_size=&#8220;1.5em&#8220; header_4_font=&#8220;Montserrat|700||on|||||&#8220; header_4_text_color=&#8220;#f4b300&#8243; global_colors_info=&#8220;{}&#8220;]<\/p>\n<hr \/>\n<h4>Taxameter-Service<\/h4>\n<hr \/>\n<p>Seit 01. Juli 2015 wird in Baden-W\u00fcrttemberg das Eichrecht gem\u00e4\u00df der europ\u00e4ischen Messger\u00e4terichtlinie MID umgesetzt. Die Anforderungen an Taxen ( und an uns als Taxameterdienst ) sind hier stark gestiegen.<\/p>\n<p>Die bisherige Ersteichung wird ersetzt durch ein Konformit\u00e4tsbewertungsverfahren, das der Hersteller des Messger\u00e4ts in Zusammenarbeit mit einer benannten Stelle durchf\u00fchrt.<\/p>\n<p>[\/et_pb_text][\/et_pb_column][et_pb_column type=&#8220;1_2&#8243; _builder_version=&#8220;4.16&#8243; custom_padding=&#8220;|||&#8220; global_colors_info=&#8220;{}&#8220; custom_padding__hover=&#8220;|||&#8220;][et_pb_text admin_label=&#8220;Text Messger\u00e4t Taxameter&#8220; _builder_version=&#8220;4.16&#8243; header_font=&#8220;Montserrat|700|||||||&#8220; header_text_color=&#8220;#f4b300&#8243; header_font_size=&#8220;1.5em&#8220; header_4_font=&#8220;Montserrat|700||on|||||&#8220; header_4_text_color=&#8220;#f4b300&#8243; global_colors_info=&#8220;{}&#8220;]<\/p>\n<ul>\n<li>Das Messger\u00e4t ist der Taxameter in Verbindung mit einem Fahrzeug und einem Wegstreckensignalgeber und einem Tarif (also das Gesamtsystem). Dessen Hersteller sind in diesem Fall wir.<\/li>\n<li>Wir beantragen diese Pr\u00fcfung, die benannte Stelle ist in diesem Fall eine externe Abteilung des Eich- und Beschusswesens Baden-W\u00fcrttemberg, die zu diesem Zweck gegr\u00fcndet wurde. Diese pr\u00fcft die Konformit\u00e4t des Messger\u00e4tes mit den Vorschriften der MID und des MessEG.<\/li>\n<li>Dann f\u00fchrt das \u00f6rtliche Eichamt eine technische Pr\u00fcfung durch und h\u00e4ndigt dem Hersteller eine Konformit\u00e4tsbescheinigung aus.<\/li>\n<li>Der Hersteller bringt in der Regel auf der B-S\u00e4ule des Fahrzeugs ein Typenschild an und h\u00e4ndigt dem Messger\u00e4tebesitzer eine Konformit\u00e4tserkl\u00e4rung aus. Aufgrund dieser darf er das Messger\u00e4t einsetzen.<br \/>Achtung: Es wird KEIN Hauptstempel mit Zeitpunkt der n\u00e4chsten Eichf\u00e4lligkeit mehr angebracht!<\/li>\n<\/ul>\n<p>[\/et_pb_text][\/et_pb_column][\/et_pb_row][\/et_pb_section][et_pb_section fb_built=&#8220;1&#8243; _builder_version=&#8220;4.16&#8243; background_color=&#8220;#fff0ba&#8220; custom_margin=&#8220;30px|||&#8220; custom_padding=&#8220;0px||0px|&#8220; global_colors_info=&#8220;{}&#8220;][et_pb_row _builder_version=&#8220;4.16&#8243; module_alignment=&#8220;center&#8220; global_colors_info=&#8220;{}&#8220;][et_pb_column type=&#8220;4_4&#8243; _builder_version=&#8220;4.16&#8243; custom_padding=&#8220;|||&#8220; global_colors_info=&#8220;{}&#8220; custom_padding__hover=&#8220;|||&#8220;][et_pb_text admin_label=&#8220;Headline Eichabnahme&#8220; _builder_version=&#8220;4.16&#8243; text_font=&#8220;Raleway||||&#8220; text_font_size=&#8220;20&#8243; text_line_height=&#8220;2em&#8220; header_font=&#8220;Montserrat|on||on|&#8220; header_text_align=&#8220;left&#8220; header_font_size=&#8220;3em&#8220; text_orientation=&#8220;center&#8220; module_alignment=&#8220;center&#8220; global_colors_info=&#8220;{}&#8220;]<\/p>\n<h1 style=\"text-align: left;\">Unterlagen zur Eichabnahme<\/h1>\n<p>[\/et_pb_text][et_pb_text admin_label=&#8220;Text &#8220; _builder_version=&#8220;4.16&#8243; header_font=&#8220;Montserrat|700|||||||&#8220; header_text_color=&#8220;#f4b300&#8243; header_font_size=&#8220;1.5em&#8220; header_4_font=&#8220;Montserrat|700||on|||||&#8220; header_4_text_color=&#8220;#f4b300&#8243; global_colors_info=&#8220;{}&#8220;]<\/p>\n<p><strong>Zur Eichabnahme ben\u00f6tigen wir &#8211; je nach Art der Taxi-Umr\u00fcsting &#8211; folgende Unterlagen:<\/strong><\/p>\n<p>[\/et_pb_text][\/et_pb_column][\/et_pb_row][\/et_pb_section][et_pb_section fb_built=&#8220;1&#8243; _builder_version=&#8220;4.16&#8243; custom_padding=&#8220;0px||0px|&#8220; global_colors_info=&#8220;{}&#8220;][et_pb_row _builder_version=&#8220;4.16&#8243; module_alignment=&#8220;center&#8220; global_colors_info=&#8220;{}&#8220;][et_pb_column type=&#8220;4_4&#8243; _builder_version=&#8220;4.16&#8243; custom_padding=&#8220;|||&#8220; global_colors_info=&#8220;{}&#8220; custom_padding__hover=&#8220;|||&#8220;][et_pb_text admin_label=&#8220;Text Tabelle&#8220; _builder_version=&#8220;4.16&#8243; global_colors_info=&#8220;{}&#8220;]<\/p>\n<table style=\"border-collapse: collapse; width: 100%;\" border=\"1\">\n<tbody>\n<tr>\n<td style=\"width: 48.7247%;\">\u00a0<\/td>\n<td style=\"width: 15.3915%; text-align: center;\"><span style=\"font-size: 12pt;\"><strong>FALL 1<\/strong><\/span><br \/>Taxipaket und \/ oder Taxameter ab Werk eingebaut<\/td>\n<td style=\"width: 18.9503%; text-align: center;\"><span style=\"font-size: 12pt;\"><strong>FALL 2A<\/strong><\/span><br \/>Taxipaket und \/ oder Taxameter wurde bereits nachger\u00fcstet<\/td>\n<td style=\"width: 16.9336%; text-align: center;\"><span style=\"font-size: 12pt;\"><strong>FALL 2B<\/strong><\/span><br \/>Fahrzeug ohne Taxipaket zur Nachr\u00fcstung durch uns<\/td>\n<\/tr>\n<tr>\n<td style=\"width: 48.7247%;\">Zulassungsbescheinigung Teil I<\/td>\n<td style=\"width: 15.3915%; text-align: center;\">wird ben\u00f6tigt<\/td>\n<td style=\"width: 18.9503%; text-align: center;\">wird ben\u00f6tigt<\/td>\n<td style=\"width: 16.9336%; text-align: center;\">wird ben\u00f6tigt<\/td>\n<\/tr>\n<tr>\n<td style=\"width: 48.7247%;\">Bestellung \/ Rechnung, aus welcher das nachger\u00fcstete Taxipaket bzw. Taxameter zu entnehmen ist<\/td>\n<td style=\"width: 15.3915%; text-align: center;\">n.a.<\/td>\n<td style=\"width: 18.9503%; text-align: center;\">wird ben\u00f6tigt<\/td>\n<td style=\"width: 16.9336%; text-align: center;\">optional<\/td>\n<\/tr>\n<tr>\n<td style=\"width: 48.7247%;\">Bestellung \/ Rechnung, aus welcher das ab Werk eingebaute Taxipaket bzw. Taxameter zu entnehmen ist<\/td>\n<td style=\"width: 15.3915%; text-align: center;\">wird ben\u00f6tigt<\/td>\n<td style=\"width: 18.9503%; text-align: center;\">n.a.<\/td>\n<td style=\"width: 16.9336%; text-align: center;\">n.a.<\/td>\n<\/tr>\n<tr>\n<td style=\"width: 48.7247%;\">Bescheinigung des Fahrzeugherstellers, dass dieser Einbau nach seinen Vorschriften und Richtlinien erfolgt ist<\/td>\n<td style=\"width: 15.3915%; text-align: center;\">n.a.<\/td>\n<td style=\"width: 18.9503%; text-align: center;\">wird ben\u00f6tigt<\/td>\n<td style=\"width: 16.9336%; text-align: center;\">wird ben\u00f6tigt<\/td>\n<\/tr>\n<tr>\n<td style=\"width: 48.7247%;\">Bescheinigung des Fahrzeugherstellers, dass dieser Einbau messtechnisch geeignet f\u00fcr einen Taxameter geeignet ist<\/td>\n<td style=\"width: 15.3915%; text-align: center;\">n.a.<\/td>\n<td style=\"width: 18.9503%; text-align: center;\">wird ben\u00f6tigt<\/td>\n<td style=\"width: 16.9336%; text-align: center;\">wird ben\u00f6tigt<\/td>\n<\/tr>\n<tr>\n<td style=\"width: 48.7247%;\">Nachweis der Konformit\u00e4t der montierten Reifen. (Zulassungsbescheinigung Teil I oder EU-\u00dcbereinstimmungserkl\u00e4rung oder Herstellerbescheinigung)<\/td>\n<td style=\"width: 15.3915%; text-align: center;\">wird ben\u00f6tigt<\/td>\n<td style=\"width: 18.9503%; text-align: center;\">wird ben\u00f6tigt<\/td>\n<td style=\"width: 16.9336%; text-align: center;\">wird ben\u00f6tigt<\/td>\n<\/tr>\n<tr>\n<td style=\"width: 48.7247%;\">Lichtbild des Anschlusses des Taxameters und Auszug aus dem Schaltplan<\/td>\n<td style=\"width: 15.3915%; text-align: center;\">n.a.<\/td>\n<td style=\"width: 18.9503%; text-align: center;\">wird ben\u00f6tigt<\/td>\n<td style=\"width: 16.9336%; text-align: center;\">wird ben\u00f6tigt<\/td>\n<\/tr>\n<tr>\n<td style=\"width: 48.7247%;\">Lichtbild des Taxameters mit Typ und Seriennummer<\/td>\n<td style=\"width: 15.3915%; text-align: center;\">wird ben\u00f6tigt<\/td>\n<td style=\"width: 18.9503%; text-align: center;\">wird ben\u00f6tigt<\/td>\n<td style=\"width: 16.9336%; text-align: center;\">wird ben\u00f6tigt<\/td>\n<\/tr>\n<\/tbody>\n<\/table>\n<p>[\/et_pb_text][\/et_pb_column][\/et_pb_row][\/et_pb_section]<\/p>\n","protected":false},"excerpt":{"rendered":"<p>Taxameter-Service nach neuem Eichrecht Taxameter-ServiceSeit 01. Juli 2015 wird in Baden-W\u00fcrttemberg das Eichrecht gem\u00e4\u00df der europ\u00e4ischen Messger\u00e4terichtlinie MID umgesetzt. Die Anforderungen an Taxen ( und an uns als Taxameterdienst ) sind hier stark gestiegen.Die bisherige Ersteichung wird ersetzt durch ein Konformit\u00e4tsbewertungsverfahren, das der Hersteller des Messger\u00e4ts in Zusammenarbeit mit einer benannten Stelle durchf\u00fchrt. Das Messger\u00e4t [&hellip;]<\/p>\n","protected":false},"author":2,"featured_media":0,"parent":495,"menu_order":16,"comment_status":"closed","ping_status":"closed","template":"","meta":{"_et_pb_use_builder":"on","_et_pb_old_content":"","_et_gb_content_width":"","footnotes":""},"class_list":["post-26949","page","type-page","status-publish","hentry"],"_links":{"self":[{"href":"https:\/\/www.taxi-garage.de\/cms\/wp-json\/wp\/v2\/pages\/26949","targetHints":{"allow":["GET"]}}],"collection":[{"href":"https:\/\/www.taxi-garage.de\/cms\/wp-json\/wp\/v2\/pages"}],"about":[{"href":"https:\/\/www.taxi-garage.de\/cms\/wp-json\/wp\/v2\/types\/page"}],"author":[{"embeddable":true,"href":"https:\/\/www.taxi-garage.de\/cms\/wp-json\/wp\/v2\/users\/2"}],"replies":[{"embeddable":true,"href":"https:\/\/www.taxi-garage.de\/cms\/wp-json\/wp\/v2\/comments?post=26949"}],"version-history":[{"count":2,"href":"https:\/\/www.taxi-garage.de\/cms\/wp-json\/wp\/v2\/pages\/26949\/revisions"}],"predecessor-version":[{"id":27384,"href":"https:\/\/www.taxi-garage.de\/cms\/wp-json\/wp\/v2\/pages\/26949\/revisions\/27384"}],"up":[{"embeddable":true,"href":"https:\/\/www.taxi-garage.de\/cms\/wp-json\/wp\/v2\/pages\/495"}],"wp:attachment":[{"href":"https:\/\/www.taxi-garage.de\/cms\/wp-json\/wp\/v2\/media?parent=26949"}],"curies":[{"name":"wp","href":"https:\/\/api.w.org\/{rel}","templated":true}]}}