{"id":497,"date":"2017-06-15T10:46:34","date_gmt":"2017-06-15T08:46:34","guid":{"rendered":"https:\/\/www.taxi-garage.de\/cms\/?page_id=497"},"modified":"2025-08-15T09:37:39","modified_gmt":"2025-08-15T07:37:39","slug":"impressum","status":"publish","type":"page","link":"https:\/\/www.taxi-garage.de\/cms\/rechtliche-hinweise\/impressum\/","title":{"rendered":"Impressum"},"content":{"rendered":"<p>[et_pb_section fb_built=&#8220;1&#8243; _builder_version=&#8220;4.16&#8243; custom_margin=&#8220;30px|||&#8220; custom_padding=&#8220;0px||0px|&#8220; global_colors_info=&#8220;{}&#8220;][et_pb_row _builder_version=&#8220;4.16&#8243; module_alignment=&#8220;center&#8220; global_colors_info=&#8220;{}&#8220;][et_pb_column type=&#8220;4_4&#8243; _builder_version=&#8220;4.16&#8243; custom_padding=&#8220;|||&#8220; global_colors_info=&#8220;{}&#8220; custom_padding__hover=&#8220;|||&#8220;][et_pb_text admin_label=&#8220;Headline Impressum&#8220; _builder_version=&#8220;4.16&#8243; text_font=&#8220;Raleway||||&#8220; text_font_size=&#8220;20&#8243; text_line_height=&#8220;2em&#8220; header_font=&#8220;Montserrat|on||on|&#8220; header_text_align=&#8220;left&#8220; header_font_size=&#8220;3em&#8220; text_orientation=&#8220;center&#8220; module_alignment=&#8220;center&#8220; global_colors_info=&#8220;{}&#8220;]<\/p>\n<h1 style=\"text-align: left;\">Impressum<\/h1>\n<p>[\/et_pb_text][\/et_pb_column][\/et_pb_row][et_pb_row column_structure=&#8220;1_3,1_3,1_3&#8243; _builder_version=&#8220;4.16&#8243; background_size=&#8220;initial&#8220; background_position=&#8220;top_left&#8220; background_repeat=&#8220;repeat&#8220; global_colors_info=&#8220;{}&#8220;][et_pb_column type=&#8220;1_3&#8243; _builder_version=&#8220;4.16&#8243; custom_padding=&#8220;|||&#8220; global_colors_info=&#8220;{}&#8220; custom_padding__hover=&#8220;|||&#8220;][et_pb_text _builder_version=&#8220;4.16&#8243; global_colors_info=&#8220;{}&#8220;]<\/p>\n<p><strong>Herausgeber<\/strong><\/p>\n<hr \/>\n<p><strong>Taxi Dresmann GmbH<\/strong><br \/>Rankackerweg 2<br \/>D-79114 Freiburg<br \/>Fon: (0761) 556.98.88<br \/>Fax: (0761) 556.98.90<br \/>E-Mail: <strong><a href=\"https:\/\/www.taxi-garage.de\/cms\/kontakt\/\" target=\"_blank\" rel=\"noopener\">info@taxi-garage.de<\/a><\/strong><\/p>\n<p>[\/et_pb_text][\/et_pb_column][et_pb_column type=&#8220;1_3&#8243; _builder_version=&#8220;4.16&#8243; custom_padding=&#8220;|||&#8220; global_colors_info=&#8220;{}&#8220; custom_padding__hover=&#8220;|||&#8220;][et_pb_text _builder_version=&#8220;4.27.4&#8243; global_colors_info=&#8220;{}&#8220;]<strong>Registereintrag<\/strong><\/p>\n<hr \/>\n<p><strong>Gesch\u00e4ftsf\u00fchrer:<\/strong><br \/>\nSebastian B\u00f6hler, Martin Wohlleber<br \/>\n<strong>Handelsregister:<\/strong><br \/>\nHRB 5007, Amtsgericht Freiburg<br \/>\n<strong>Umsatzsteuer-ID:<\/strong><br \/>\nDE 173 007 506[\/et_pb_text][\/et_pb_column][et_pb_column type=&#8220;1_3&#8243; _builder_version=&#8220;4.16&#8243; custom_padding=&#8220;|||&#8220; global_colors_info=&#8220;{}&#8220; custom_padding__hover=&#8220;|||&#8220;][\/et_pb_column][\/et_pb_row][et_pb_row _builder_version=&#8220;4.16&#8243; background_size=&#8220;initial&#8220; background_position=&#8220;top_left&#8220; background_repeat=&#8220;repeat&#8220; global_colors_info=&#8220;{}&#8220;][et_pb_column type=&#8220;4_4&#8243; _builder_version=&#8220;4.16&#8243; custom_padding=&#8220;|||&#8220; global_colors_info=&#8220;{}&#8220; custom_padding__hover=&#8220;|||&#8220;][et_pb_divider color=&#8220;#000000&#8243; _builder_version=&#8220;4.16&#8243; global_colors_info=&#8220;{}&#8220;][\/et_pb_divider][et_pb_text _builder_version=&#8220;4.16&#8243; global_colors_info=&#8220;{}&#8220;]<\/p>\n<p><strong>Konzeption und Design: <\/strong>beebox werbeagentur, Freiburg [ <strong>www.beebox.de<\/strong> ]<br \/><strong>Redaktion:<\/strong> Martin Wohlleber (V.i.S.d.P.)<br \/><strong>Textkonzept:<\/strong> beebox werbeagentur, Matthias Nicolai<br \/><strong>Hosting &amp; Realisierung: <\/strong>beebox internet solutions [ <strong>www.beebox.com<\/strong> ]<br \/><strong>Fotografie:<\/strong> beebox &amp; Fotolia [ www.fotolia.com ]\u00a0\u00a0 <a href=\"https:\/\/www.taxi-garage.de\/cms\/rechtliche-hinweise\/quelle\/\" target=\"_blank\" rel=\"noopener\"><strong>&gt; Zur detailierten Quellenangabe<\/strong><\/a><\/p>\n<p>[\/et_pb_text][\/et_pb_column][\/et_pb_row][\/et_pb_section][et_pb_section fb_built=&#8220;1&#8243; _builder_version=&#8220;4.16&#8243; background_color=&#8220;#fff0ba&#8220; custom_padding=&#8220;||0px|&#8220; global_colors_info=&#8220;{}&#8220;][et_pb_row _builder_version=&#8220;4.16&#8243; module_alignment=&#8220;center&#8220; global_colors_info=&#8220;{}&#8220;][et_pb_column type=&#8220;4_4&#8243; _builder_version=&#8220;4.16&#8243; custom_padding=&#8220;|||&#8220; global_colors_info=&#8220;{}&#8220; custom_padding__hover=&#8220;|||&#8220;][et_pb_text admin_label=&#8220;Headline Personenbezogene Daten&#8220; _builder_version=&#8220;4.16&#8243; text_font=&#8220;Raleway||||&#8220; text_font_size=&#8220;20&#8243; text_line_height=&#8220;2em&#8220; header_font=&#8220;Montserrat|on||on|&#8220; header_font_size=&#8220;3em&#8220; module_alignment=&#8220;center&#8220; global_colors_info=&#8220;{}&#8220;][\/et_pb_text][\/et_pb_column][\/et_pb_row][\/et_pb_section][et_pb_section fb_built=&#8220;1&#8243; _builder_version=&#8220;4.16&#8243; custom_padding=&#8220;0px|||&#8220; global_colors_info=&#8220;{}&#8220;][et_pb_row column_structure=&#8220;1_2,1_2&#8243; _builder_version=&#8220;4.16&#8243; background_size=&#8220;initial&#8220; background_position=&#8220;top_left&#8220; background_repeat=&#8220;repeat&#8220; global_colors_info=&#8220;{}&#8220;][et_pb_column type=&#8220;1_2&#8243; _builder_version=&#8220;4.16&#8243; custom_padding=&#8220;|||&#8220; global_colors_info=&#8220;{}&#8220; custom_padding__hover=&#8220;|||&#8220;][et_pb_text admin_label=&#8220;Text Haftungsausschluss, Nutzungsbedingungen&#8220; _builder_version=&#8220;4.16&#8243; header_font=&#8220;Montserrat|700|||||||&#8220; header_text_color=&#8220;#f4b300&#8243; header_font_size=&#8220;1.5em&#8220; header_4_font=&#8220;Montserrat|700||on|||||&#8220; header_4_text_color=&#8220;#f4b300&#8243; global_colors_info=&#8220;{}&#8220;]<\/p>\n<hr \/>\n<h4>Haftungsausschluss, Nutzungsbedingungen<\/h4>\n<hr \/>\n<p>Alle Web-Seiten von Taxi Dresmann GmbH, Rankackerweg 2, D-79114 Freiburg (nachfolgend Taxi Dresmann genannt) wurden unter Ber\u00fccksichtigung des deutschen Rechts verfasst. Taxi Dresmann hat die Daten auf dieser Website sorgf\u00e4ltig und nach dem neuesten Erkenntnisstand zusammen gestellt. Taxi Dresmann kann jedoch keinerlei Garantien bez\u00fcglich der Richtigkeit und\/oder Vollst\u00e4ndigkeit der hier angegebenen oder zitierten Information, weder ausdr\u00fccklich noch implizit, abgeben.<\/p>\n<p>F\u00fcr Anleitungen, Hinweise, Empfehlungen oder Einsch\u00e4tzungen wird keine Haftung \u00fcbernommen, genausowenig f\u00fcr Fehler im Text oder falsche Links. F\u00fcr s\u00e4mtliche Inhalte auf verlinkten Seiten und WebSites sind ausschlie\u00dflich die jeweiligen Betreiber verantwortlich.<\/p>\n<p>Der Benutzer dieser Website erkennt an, dass deren Gebrauch sowie der Gebrauch der damit verbundenen Sites ausschlie\u00dflich auf dessen eigene Gefahr erfolgt und dass weder Taxi Dresmann noch eine andere Partei, die an der Erstellung der Informationen beteiligt war, eine Haftung f\u00fcr direkte, indirekte oder Folgesch\u00e4den jedwelcher Art \u00fcbernimmt. Alle erw\u00e4hnten Markennamen sind gesetzlich gesch\u00fctzt.<\/p>\n<p>[\/et_pb_text][\/et_pb_column][et_pb_column type=&#8220;1_2&#8243; _builder_version=&#8220;4.16&#8243; custom_padding=&#8220;|||&#8220; global_colors_info=&#8220;{}&#8220; custom_padding__hover=&#8220;|||&#8220;][et_pb_text admin_label=&#8220;Text Datenschutz&#8220; _builder_version=&#8220;4.16&#8243; header_font=&#8220;Montserrat|700|||||||&#8220; header_text_color=&#8220;#f4b300&#8243; header_font_size=&#8220;1.5em&#8220; header_4_font=&#8220;Montserrat|700||on|||||&#8220; header_4_text_color=&#8220;#f4b300&#8243; global_colors_info=&#8220;{}&#8220;]<\/p>\n<hr \/>\n<h4>Datenschutz<\/h4>\n<hr \/>\n<p>Den Schutz und die Intimit\u00e4t Ihrer pers\u00f6nlichen Daten nehmen wir sehr ernst. Daher werden Daten ausschlie\u00dflich zur Bearbeitung der von Ihnen gestellten Anfragen gespeichert und im Rahmen gesetzlicher Verpflichtungen aufbewahrt und gesichert. Sofern keine rechtlichen Vorgaben bestehen oder dies nicht zur Weiterverarbeitung Ihrer Anfrage notwendig ist, werden Ihre Daten Dritten selbstverst\u00e4ndlich nicht zur Verf\u00fcgung gestellt. Die Nutzung unserer Webseiten ist in der Regel ohne Angabe personenbezogener Daten m\u00f6glich. Mit der Nutzung der Website erkl\u00e4ren Sie sich mit den Bedingungen unserer Richtlinien zum Schutz pers\u00f6nlicher Daten einverstanden.<\/p>\n<p><a href=\"https:\/\/www.taxi-garage.de\/cms\/rechtliche-hinweise\/datenschutz\/\" target=\"_blank\" rel=\"noopener\"><strong>&gt; Detaillierte Informationen zum Datenschutz<\/strong><\/a><\/p>\n<p>[\/et_pb_text][\/et_pb_column][\/et_pb_row][\/et_pb_section]<\/p>\n","protected":false},"excerpt":{"rendered":"<p>Impressum HerausgeberTaxi Dresmann GmbHRankackerweg 2D-79114 FreiburgFon: (0761) 556.98.88Fax: (0761) 556.98.90E-Mail: info@taxi-garage.de Registereintrag Gesch\u00e4ftsf\u00fchrer: Sebastian B\u00f6hler, Martin Wohlleber Handelsregister: HRB 5007, Amtsgericht Freiburg Umsatzsteuer-ID: DE 173 007 506Konzeption und Design: beebox werbeagentur, Freiburg [ www.beebox.de ]Redaktion: Martin Wohlleber (V.i.S.d.P.)Textkonzept: beebox werbeagentur, Matthias NicolaiHosting &amp; Realisierung: beebox internet solutions [ www.beebox.com ]Fotografie: beebox &amp; Fotolia [ www.fotolia.com [&hellip;]<\/p>\n","protected":false},"author":2,"featured_media":0,"parent":26917,"menu_order":0,"comment_status":"closed","ping_status":"closed","template":"","meta":{"_et_pb_use_builder":"on","_et_pb_old_content":"","_et_gb_content_width":"","footnotes":""},"class_list":["post-497","page","type-page","status-publish","hentry"],"_links":{"self":[{"href":"https:\/\/www.taxi-garage.de\/cms\/wp-json\/wp\/v2\/pages\/497","targetHints":{"allow":["GET"]}}],"collection":[{"href":"https:\/\/www.taxi-garage.de\/cms\/wp-json\/wp\/v2\/pages"}],"about":[{"href":"https:\/\/www.taxi-garage.de\/cms\/wp-json\/wp\/v2\/types\/page"}],"author":[{"embeddable":true,"href":"https:\/\/www.taxi-garage.de\/cms\/wp-json\/wp\/v2\/users\/2"}],"replies":[{"embeddable":true,"href":"https:\/\/www.taxi-garage.de\/cms\/wp-json\/wp\/v2\/comments?post=497"}],"version-history":[{"count":2,"href":"https:\/\/www.taxi-garage.de\/cms\/wp-json\/wp\/v2\/pages\/497\/revisions"}],"predecessor-version":[{"id":27385,"href":"https:\/\/www.taxi-garage.de\/cms\/wp-json\/wp\/v2\/pages\/497\/revisions\/27385"}],"up":[{"embeddable":true,"href":"https:\/\/www.taxi-garage.de\/cms\/wp-json\/wp\/v2\/pages\/26917"}],"wp:attachment":[{"href":"https:\/\/www.taxi-garage.de\/cms\/wp-json\/wp\/v2\/media?parent=497"}],"curies":[{"name":"wp","href":"https:\/\/api.w.org\/{rel}","templated":true}]}}