{"id":505,"date":"2017-06-15T10:50:09","date_gmt":"2017-06-15T08:50:09","guid":{"rendered":"https:\/\/www.taxi-garage.de\/cms\/?page_id=505"},"modified":"2025-08-15T09:43:15","modified_gmt":"2025-08-15T07:43:15","slug":"profil","status":"publish","type":"page","link":"https:\/\/www.taxi-garage.de\/cms\/unternehmen\/profil\/","title":{"rendered":"Profil + Team"},"content":{"rendered":"<p>[et_pb_section fb_built=&#8220;1&#8243; inner_shadow=&#8220;on&#8220; custom_padding_last_edited=&#8220;on|desktop&#8220; admin_label=&#8220;section&#8220; _builder_version=&#8220;4.16&#8243; background_color=&#8220;#ffffff&#8220; background_image=&#8220;https:\/\/www.taxi-garage.de\/cms\/wp-content\/uploads\/2018\/07\/Fotolia-TaxiSchlange-1920&#215;1080.jpg&#8220; custom_padding=&#8220;0px||0px|&#8220; custom_padding_tablet=&#8220;&#8220; custom_padding_phone=&#8220;&#8220; global_colors_info=&#8220;{}&#8220;][et_pb_row column_structure=&#8220;1_2,1_2&#8243; use_custom_gutter=&#8220;on&#8220; gutter_width=&#8220;1&#8243; custom_padding_last_edited=&#8220;on|desktop&#8220; admin_label=&#8220;row&#8220; module_class=&#8220; et_pb_row_fullwidth&#8220; _builder_version=&#8220;4.21.0&#8243; background_size=&#8220;initial&#8220; background_position=&#8220;top_left&#8220; background_repeat=&#8220;repeat&#8220; width=&#8220;100%&#8220; width_tablet=&#8220;100%&#8220; width_phone=&#8220;100%&#8220; width_last_edited=&#8220;on|desktop&#8220; max_width=&#8220;100%&#8220; max_width_tablet=&#8220;100%&#8220; max_width_phone=&#8220;100%&#8220; max_width_last_edited=&#8220;on|desktop&#8220; module_alignment=&#8220;center&#8220; custom_margin_tablet=&#8220;&#8220; custom_margin_phone=&#8220;||-6%|&#8220; custom_margin_last_edited=&#8220;on|phone&#8220; custom_padding=&#8220;0px||0px|&#8220; custom_padding_tablet=&#8220;&#8220; custom_padding_phone=&#8220;&#8220; make_fullwidth=&#8220;on&#8220; global_colors_info=&#8220;{}&#8220;][et_pb_column type=&#8220;1_2&#8243; _builder_version=&#8220;4.21.0&#8243; background_color=&#8220;rgba(59,54,60,0.4)&#8220; background_position=&#8220;top_left&#8220; custom_padding=&#8220;9%|4%|12%|8%&#8220; custom_padding_tablet=&#8220;9%|4%|12%|8%&#8220; custom_padding_phone=&#8220;12%|4%|12%|8%&#8220; custom_padding_last_edited=&#8220;on|phone&#8220; global_colors_info=&#8220;{}&#8220; custom_padding__hover=&#8220;|||&#8220;][et_pb_text admin_label=&#8220;bewegende Leistung&#8220; module_class=&#8220;et_pb_animation_bottom et-animated et-waypoint&#8220; _builder_version=&#8220;4.21.0&#8243; text_font=&#8220;Montserrat|on||on|&#8220; header_font_size=&#8220;66px&#8220; header_2_font_size=&#8220;28px&#8220; background_size=&#8220;initial&#8220; background_position=&#8220;top_left&#8220; background_repeat=&#8220;repeat&#8220; background_layout=&#8220;dark&#8220; custom_padding=&#8220;2%||||false|false&#8220; header_font_size_tablet=&#8220;55px&#8220; header_font_size_phone=&#8220;44px&#8220; header_font_size_last_edited=&#8220;on|phone&#8220; header_2_font_size_tablet=&#8220;24px&#8220; header_2_font_size_phone=&#8220;20px&#8220; header_2_font_size_last_edited=&#8220;on|tablet&#8220; custom_css_main_element=&#8220;position: relative ;||z-index: 999 ;&#8220; global_colors_info=&#8220;{}&#8220;]<\/p>\n<h1>Bewegende <span style=\"color: #ffcc00;\">Leistung<\/span><\/h1>\n<p>[\/et_pb_text][\/et_pb_column][et_pb_column type=&#8220;1_2&#8243; _builder_version=&#8220;4.16&#8243; background_position=&#8220;top_left&#8220; custom_padding=&#8220;6%|||&#8220; global_colors_info=&#8220;{}&#8220; custom_padding__hover=&#8220;|||&#8220;][\/et_pb_column][\/et_pb_row][\/et_pb_section][et_pb_section fb_built=&#8220;1&#8243; _builder_version=&#8220;4.16&#8243; custom_padding=&#8220;||0px|&#8220; global_colors_info=&#8220;{}&#8220;][et_pb_row column_structure=&#8220;1_4,1_4,1_4,1_4&#8243; use_custom_gutter=&#8220;on&#8220; gutter_width=&#8220;1&#8243; make_equal=&#8220;on&#8220; admin_label=&#8220;4 er Zeile&#8220; _builder_version=&#8220;4.16&#8243; global_colors_info=&#8220;{}&#8220;][et_pb_column type=&#8220;1_4&#8243; _builder_version=&#8220;4.16&#8243; background_color=&#8220;rgba(255,213,0,0.7)&#8220; custom_padding=&#8220;0px|||&#8220; global_colors_info=&#8220;{}&#8220; custom_padding__hover=&#8220;|||&#8220;][et_pb_text admin_label=&#8220;Text Personenbef\u00f6rderung&#8220; _builder_version=&#8220;4.16&#8243; text_font=&#8220;Raleway||||&#8220; module_alignment=&#8220;left&#8220; custom_padding=&#8220;20px|20px|20px|20px&#8220; global_colors_info=&#8220;{}&#8220;]<\/p>\n<h5><strong>Bef\u00f6rderung<\/strong><\/h5>\n<ul>\n<li>Taxifahrten rund um die Uhr<\/li>\n<li>Rolli-Fahrdienst<\/li>\n<li>Schulbusse<\/li>\n<li>Gro\u00dfraumtaxen<\/li>\n<li>begleitete Senioren-,<br \/>Kinder und Krankenfahrten<\/li>\n<\/ul>\n<p>[\/et_pb_text][\/et_pb_column][et_pb_column type=&#8220;1_4&#8243; _builder_version=&#8220;4.16&#8243; background_color=&#8220;rgba(255,240,186,0.7)&#8220; custom_padding=&#8220;0px|||&#8220; global_colors_info=&#8220;{}&#8220; custom_padding__hover=&#8220;|||&#8220;][et_pb_text admin_label=&#8220;Text Autowerkstatt&#8220; _builder_version=&#8220;4.16&#8243; text_font=&#8220;Raleway||||&#8220; module_alignment=&#8220;left&#8220; custom_padding=&#8220;20px|20px|20px|20px&#8220; border_color=&#8220;#ffd500&#8243; border_width=&#8220;5px&#8220; border_style=&#8220;solid&#8220; global_colors_info=&#8220;{}&#8220;]<\/p>\n<h5><strong>Autowerkstatt<br \/><\/strong><\/h5>\n<ul>\n<li>Fahrzeug-Umr\u00fcstung und -Ausr\u00fcstung<\/li>\n<li>Reifenshop und Reifenmontage<\/li>\n<li>Vorf\u00fchrung zur T\u00dcV-Hauptuntersuchung<\/li>\n<li>Kleinreparaturen<\/li>\n<\/ul>\n<p>[\/et_pb_text][\/et_pb_column][et_pb_column type=&#8220;1_4&#8243; _builder_version=&#8220;4.16&#8243; background_color=&#8220;rgba(255,213,0,0.7)&#8220; custom_padding=&#8220;0px|||&#8220; global_colors_info=&#8220;{}&#8220; custom_padding__hover=&#8220;|||&#8220;][et_pb_text admin_label=&#8220;Text Taxameterdienst&#8220; _builder_version=&#8220;4.16&#8243; text_font=&#8220;Raleway||||&#8220; module_alignment=&#8220;left&#8220; custom_padding=&#8220;20px|20px|20px|20px&#8220; border_color=&#8220;#ffd500&#8243; border_width=&#8220;5&#8243; border_style=&#8220;solid&#8220; global_colors_info=&#8220;{}&#8220;]<\/p>\n<h5><strong>Taxameterdienst<\/strong><\/h5>\n<ul>\n<li>HALE-Taxameter<\/li>\n<li>HALE-Drucker<\/li>\n<li>HALE-Taxialarmanlagen<\/li>\n<li>Dachzeichenshop<\/li>\n<\/ul>\n<p>[\/et_pb_text][\/et_pb_column][et_pb_column type=&#8220;1_4&#8243; _builder_version=&#8220;4.16&#8243; background_color=&#8220;rgba(255,240,186,0.7)&#8220; custom_padding=&#8220;0px|||&#8220; global_colors_info=&#8220;{}&#8220; custom_padding__hover=&#8220;|||&#8220;][et_pb_text admin_label=&#8220;Text-Funk-Service&#8220; _builder_version=&#8220;4.16&#8243; text_font=&#8220;Raleway||||&#8220; module_alignment=&#8220;left&#8220; custom_padding=&#8220;20px|20px|20px|20px&#8220; global_colors_info=&#8220;{}&#8220;]<\/p>\n<h5><strong>Taxi-Funk-Service<\/strong><\/h5>\n<ul>\n<li>Datenfunk Optipos von Seibt &amp; Straub<\/li>\n<li>Fahrzeugortung f\u00fcr Ihr Taxi<\/li>\n<li>Betriebsfunk<\/li>\n<\/ul>\n<p>[\/et_pb_text][\/et_pb_column][\/et_pb_row][\/et_pb_section][et_pb_section fb_built=&#8220;1&#8243; _builder_version=&#8220;4.16&#8243; global_colors_info=&#8220;{}&#8220;][et_pb_row column_structure=&#8220;1_2,1_2&#8243; _builder_version=&#8220;4.16&#8243; global_colors_info=&#8220;{}&#8220;][et_pb_column type=&#8220;1_2&#8243; _builder_version=&#8220;4.16&#8243; custom_padding=&#8220;|||&#8220; global_colors_info=&#8220;{}&#8220; custom_padding__hover=&#8220;|||&#8220;][et_pb_text admin_label=&#8220;Text Teamgeist&#8220; _builder_version=&#8220;4.21.0&#8243; header_font=&#8220;Montserrat|on||on|&#8220; header_font_size=&#8220;1.5em&#8220; module_alignment=&#8220;left&#8220; custom_padding=&#8220;||0px|&#8220; global_colors_info=&#8220;{}&#8220;]<\/p>\n<h1>Mit Teamgeist auf klarem Kurs<\/h1>\n<p style=\"text-align: left;\">Ob als Taxi-Betreiberin oder Taxi-Werkstatt: Die <strong>TAXI-GARAGE DRESMANN<\/strong> macht mobil und h\u00e4lt mobil! Dabei bieten wir Ihnen ein umfassendes Spektrum an Dienst- und Service-Leistungen, deren Qualit\u00e4t auf langj\u00e4hriger spezifischer Erfahrung beruht.<\/p>\n<p style=\"text-align: left;\"><strong>So bekommt jeder das Beste: <\/strong>Unsere Fahrg\u00e4ste \u2013 und unsere Kunden und Partner aus der Branche.<\/p>\n<p>[\/et_pb_text][\/et_pb_column][et_pb_column type=&#8220;1_2&#8243; _builder_version=&#8220;4.16&#8243; custom_padding=&#8220;|||&#8220; global_colors_info=&#8220;{}&#8220; custom_padding__hover=&#8220;|||&#8220;][et_pb_text admin_label=&#8220;Text Kontinuit\u00e4t&#8220; _builder_version=&#8220;4.21.0&#8243; header_font=&#8220;Montserrat|on||on|&#8220; header_font_size=&#8220;1.5em&#8220; module_alignment=&#8220;left&#8220; custom_padding=&#8220;||0px|&#8220; global_colors_info=&#8220;{}&#8220;]<\/p>\n<h1>Wir setzten auf Kontinuit\u00e4t:<\/h1>\n<p>Deshalb sind die meisten unserer \u00fcber 60 Mitarbeiterinnen und Mitarbeitern schon seit vielen Jahren fest angestellt in unserem Unternehmen. Weil Kompetenz nur aus konstantem Erfahrungsgewinn entstehen kann. Ob unterwegs f\u00fcr Sie am Steuer oder bei der fachkundigen Arbeit in der Werkstatt. Und auf das Fundament dieser gewachsenen Erfahrung baut unsere zielorientierte F\u00fchrungsspitze auf.<\/p>\n<p>[\/et_pb_text][\/et_pb_column][\/et_pb_row][\/et_pb_section][et_pb_section fb_built=&#8220;1&#8243; disabled_on=&#8220;on|on|on&#8220; _builder_version=&#8220;4.16&#8243; background_color=&#8220;#fff0ba&#8220; custom_padding=&#8220;||0px|&#8220; disabled=&#8220;on&#8220; global_colors_info=&#8220;{}&#8220;][et_pb_row column_structure=&#8220;1_3,1_3,1_3&#8243; _builder_version=&#8220;4.16&#8243; background_size=&#8220;initial&#8220; background_position=&#8220;top_left&#8220; background_repeat=&#8220;repeat&#8220; global_colors_info=&#8220;{}&#8220;][et_pb_column type=&#8220;1_3&#8243; _builder_version=&#8220;4.16&#8243; custom_padding=&#8220;|||&#8220; global_colors_info=&#8220;{}&#8220; custom_padding__hover=&#8220;|||&#8220;][et_pb_image src=&#8220;https:\/\/www.taxi-garage.de\/cms\/wp-content\/uploads\/2016\/07\/Screen-Shot-2016-07-28-at-12.16.48.png&#8220; align_tablet=&#8220;center&#8220; align_phone=&#8220;center&#8220; align_last_edited=&#8220;on|desktop&#8220; admin_label=&#8220;Bild &#8220; _builder_version=&#8220;4.21.0&#8243; animation_style=&#8220;slide&#8220; animation_direction=&#8220;left&#8220; animation_duration=&#8220;500ms&#8220; animation_intensity_slide=&#8220;10%&#8220; border_radii=&#8220;|7px|7px|7px|7px&#8220; border_width_all=&#8220;4&#8243; global_colors_info=&#8220;{}&#8220;][\/et_pb_image][et_pb_text _builder_version=&#8220;4.21.0&#8243; text_font=&#8220;Raleway||||&#8220; background_size=&#8220;initial&#8220; background_position=&#8220;top_left&#8220; background_repeat=&#8220;repeat&#8220; module_alignment=&#8220;left&#8220; border_style=&#8220;solid&#8220; global_colors_info=&#8220;{}&#8220;]<\/p>\n<h2 style=\"text-align: center;\">Martin Wohlleber<\/h2>\n<p style=\"text-align: center;\"><em>Gesellschafter<\/em><br \/>Taxiunternehmer seit 1882.<\/p>\n<p>[\/et_pb_text][\/et_pb_column][et_pb_column type=&#8220;1_3&#8243; _builder_version=&#8220;4.16&#8243; custom_padding=&#8220;|||&#8220; global_colors_info=&#8220;{}&#8220; custom_padding__hover=&#8220;|||&#8220;][et_pb_image src=&#8220;https:\/\/www.taxi-garage.de\/cms\/wp-content\/uploads\/2016\/07\/Screen-Shot-2016-07-28-at-12.16.48.png&#8220; align_tablet=&#8220;center&#8220; align_phone=&#8220;center&#8220; align_last_edited=&#8220;on|desktop&#8220; admin_label=&#8220;Bild &#8220; _builder_version=&#8220;4.21.0&#8243; animation_style=&#8220;slide&#8220; animation_direction=&#8220;left&#8220; animation_duration=&#8220;500ms&#8220; animation_intensity_slide=&#8220;10%&#8220; border_radii=&#8220;|7px|7px|7px|7px&#8220; border_width_all=&#8220;4&#8243; global_colors_info=&#8220;{}&#8220;][\/et_pb_image][et_pb_text _builder_version=&#8220;4.21.0&#8243; text_font=&#8220;Raleway||||&#8220; background_size=&#8220;initial&#8220; background_position=&#8220;top_left&#8220; background_repeat=&#8220;repeat&#8220; module_alignment=&#8220;left&#8220; border_style=&#8220;solid&#8220; global_colors_info=&#8220;{}&#8220;]<\/p>\n<h2 style=\"text-align: center;\">Martin Wohlleber<\/h2>\n<p style=\"text-align: center;\"><em>Gesellschafter<\/em><br \/>Taxiunternehmer seit 1882.<\/p>\n<p>[\/et_pb_text][\/et_pb_column][et_pb_column type=&#8220;1_3&#8243; _builder_version=&#8220;4.16&#8243; custom_padding=&#8220;|||&#8220; global_colors_info=&#8220;{}&#8220; custom_padding__hover=&#8220;|||&#8220;][et_pb_image src=&#8220;https:\/\/www.taxi-garage.de\/cms\/wp-content\/uploads\/2016\/07\/Screen-Shot-2016-07-28-at-12.16.48.png&#8220; align_tablet=&#8220;center&#8220; align_phone=&#8220;center&#8220; align_last_edited=&#8220;on|desktop&#8220; admin_label=&#8220;Bild &#8220; _builder_version=&#8220;4.21.0&#8243; animation_style=&#8220;slide&#8220; animation_direction=&#8220;left&#8220; animation_duration=&#8220;500ms&#8220; animation_intensity_slide=&#8220;10%&#8220; border_radii=&#8220;|7px|7px|7px|7px&#8220; border_width_all=&#8220;4&#8243; global_colors_info=&#8220;{}&#8220;][\/et_pb_image][et_pb_text _builder_version=&#8220;4.16&#8243; text_font=&#8220;Raleway||||&#8220; background_size=&#8220;initial&#8220; background_position=&#8220;top_left&#8220; background_repeat=&#8220;repeat&#8220; module_alignment=&#8220;left&#8220; border_style=&#8220;solid&#8220; global_colors_info=&#8220;{}&#8220;]<\/p>\n<h2 style=\"text-align: center;\">Martin Wohlleber<\/h2>\n<p style=\"text-align: center;\"><em>Gesellschafter<\/em><br \/>Taxiunternehmer seit 1882.<\/p>\n<p>[\/et_pb_text][\/et_pb_column][\/et_pb_row][\/et_pb_section][et_pb_section fb_built=&#8220;1&#8243; _builder_version=&#8220;4.16&#8243; background_color=&#8220;#fff0ba&#8220; custom_padding=&#8220;||0px|&#8220; global_colors_info=&#8220;{}&#8220;][et_pb_row _builder_version=&#8220;4.16&#8243; background_size=&#8220;initial&#8220; background_position=&#8220;top_left&#8220; background_repeat=&#8220;repeat&#8220; global_colors_info=&#8220;{}&#8220;][\/et_pb_row][\/et_pb_section][et_pb_section fb_built=&#8220;1&#8243; _builder_version=&#8220;4.16&#8243; custom_padding=&#8220;NaNpx||NaNpx|&#8220; global_colors_info=&#8220;{}&#8220;][et_pb_row _builder_version=&#8220;4.16&#8243; background_size=&#8220;initial&#8220; background_position=&#8220;top_left&#8220; background_repeat=&#8220;repeat&#8220; global_colors_info=&#8220;{}&#8220;][et_pb_column type=&#8220;4_4&#8243; _builder_version=&#8220;4.16&#8243; custom_padding=&#8220;|||&#8220; global_colors_info=&#8220;{}&#8220; custom_padding__hover=&#8220;|||&#8220;][et_pb_text admin_label=&#8220;Headline Partner&#8220; _builder_version=&#8220;4.21.0&#8243; text_font=&#8220;Raleway|||on|&#8220; text_text_color=&#8220;#000000&#8243; text_font_size=&#8220;20&#8243; text_line_height=&#8220;2em&#8220; header_font=&#8220;Montserrat|on||on|&#8220; header_text_color=&#8220;#ffffff&#8220; header_font_size=&#8220;3em&#8220; text_orientation=&#8220;center&#8220; module_alignment=&#8220;center&#8220; global_colors_info=&#8220;{}&#8220;]<\/p>\n<h1 style=\"text-align: left;\"><span style=\"color: #000000;\">BEI DER WAHL<\/span> <span style=\"color: #ffd500;\">UNSERER PARTNER<\/span> <span style=\"color: #000000;\">SIND WIR ANSPRUCHSVOLL<\/span><\/h1>\n<p style=\"text-align: left;\"><strong>UND AUS GENAU DEMSELBEN GRUND HABEN RENOMMIERTE UNTERNEHMEN UNS ALS PARTNER GEW\u00c4HLT.<\/strong><\/p>\n<p>[\/et_pb_text][\/et_pb_column][\/et_pb_row][et_pb_row column_structure=&#8220;1_2,1_2&#8243; _builder_version=&#8220;4.16&#8243; background_size=&#8220;initial&#8220; background_position=&#8220;top_left&#8220; background_repeat=&#8220;repeat&#8220; global_colors_info=&#8220;{}&#8220;][et_pb_column type=&#8220;1_2&#8243; _builder_version=&#8220;4.16&#8243; custom_padding=&#8220;|||&#8220; global_colors_info=&#8220;{}&#8220; custom_padding__hover=&#8220;|||&#8220;][et_pb_image src=&#8220;https:\/\/www.taxi-garage.de\/cms\/wp-content\/uploads\/2017\/09\/Fahrdienste-Content-Augustinerplatz.jpg&#8220; show_in_lightbox=&#8220;on&#8220; align_tablet=&#8220;center&#8220; align_phone=&#8220;center&#8220; align_last_edited=&#8220;on|desktop&#8220; admin_label=&#8220;Bild Augustinerplatz&#8220; _builder_version=&#8220;4.16&#8243; animation_style=&#8220;slide&#8220; animation_direction=&#8220;left&#8220; animation_duration=&#8220;500ms&#8220; animation_intensity_slide=&#8220;10%&#8220; border_radii=&#8220;on|7px|7px|7px|7px&#8220; border_width_all=&#8220;4&#8243; global_colors_info=&#8220;{}&#8220;][\/et_pb_image][\/et_pb_column][et_pb_column type=&#8220;1_2&#8243; _builder_version=&#8220;4.16&#8243; custom_padding=&#8220;|||&#8220; global_colors_info=&#8220;{}&#8220; custom_padding__hover=&#8220;|||&#8220;][et_pb_text admin_label=&#8220;Text Partner&#8220; _builder_version=&#8220;4.21.0&#8243; text_font=&#8220;Raleway||||&#8220; text_font_size=&#8220;16&#8243; text_line_height=&#8220;2em&#8220; header_font=&#8220;Montserrat|on||on|&#8220; header_font_size=&#8220;2em&#8220; text_orientation=&#8220;center&#8220; module_alignment=&#8220;center&#8220; text_font_size_last_edited=&#8220;off|&#8220; border_style=&#8220;solid&#8220; global_colors_info=&#8220;{}&#8220;]<\/p>\n<div class=\"et_pb_text et_pb_module et_pb_bg_layout_dark et_pb_text_align_left et_pb_animation_bottom et-waypoint et_pb_text_12 et-animated\">\n<div class=\"et_pb_text_inner\">\n<p style=\"text-align: left;\"><span style=\"color: #000000;\">Dies gilt f\u00fcr Kooperationen wie z.B. die <strong>TAXI FREIBURG 55.55.55 GmbH<\/strong>, wo wir als eines der gr\u00f6\u00dften teilnehmenden Unternehmen agieren. Und es gilt bei der Wahl unserer \u201eHardware\u201c \u2013 also den Fahrzeugen, Taxametern, Funkanlagen, Zubeh\u00f6rteilen etc. Hier arbeiten wir mit den namhaftesten Herstellern der Branche zusammen. Seit langen Jahren. Und nicht nur auf Handelsebene, sondern auch beim gleichberechtigten Austausch von Know-How und Erfahrungen. Wenn sich also die Besten zusammen tun, profitiert eine Partei am meisten: <strong>DIE KUNDEN \u2013 UND DAS SIND AUCH SIE!<\/strong><\/span><\/p>\n<\/div>\n<\/div>\n<p>[\/et_pb_text][\/et_pb_column][\/et_pb_row][\/et_pb_section]<\/p>\n","protected":false},"excerpt":{"rendered":"<p>Bewegende LeistungBef\u00f6rderungTaxifahrten rund um die UhrRolli-FahrdienstSchulbusseGro\u00dfraumtaxenbegleitete Senioren-,Kinder und Krankenfahrten AutowerkstattFahrzeug-Umr\u00fcstung und -Ausr\u00fcstungReifenshop und ReifenmontageVorf\u00fchrung zur T\u00dcV-HauptuntersuchungKleinreparaturen TaxameterdienstHALE-TaxameterHALE-DruckerHALE-TaxialarmanlagenDachzeichenshop Taxi-Funk-ServiceDatenfunk Optipos von Seibt &amp; StraubFahrzeugortung f\u00fcr Ihr TaxiBetriebsfunk Mit Teamgeist auf klarem Kurs Ob als Taxi-Betreiberin oder Taxi-Werkstatt: Die TAXI-GARAGE DRESMANN macht mobil und h\u00e4lt mobil! Dabei bieten wir Ihnen ein umfassendes Spektrum an Dienst- und Service-Leistungen, [&hellip;]<\/p>\n","protected":false},"author":2,"featured_media":0,"parent":499,"menu_order":0,"comment_status":"closed","ping_status":"closed","template":"","meta":{"_et_pb_use_builder":"on","_et_pb_old_content":"","_et_gb_content_width":"","footnotes":""},"class_list":["post-505","page","type-page","status-publish","hentry"],"_links":{"self":[{"href":"https:\/\/www.taxi-garage.de\/cms\/wp-json\/wp\/v2\/pages\/505","targetHints":{"allow":["GET"]}}],"collection":[{"href":"https:\/\/www.taxi-garage.de\/cms\/wp-json\/wp\/v2\/pages"}],"about":[{"href":"https:\/\/www.taxi-garage.de\/cms\/wp-json\/wp\/v2\/types\/page"}],"author":[{"embeddable":true,"href":"https:\/\/www.taxi-garage.de\/cms\/wp-json\/wp\/v2\/users\/2"}],"replies":[{"embeddable":true,"href":"https:\/\/www.taxi-garage.de\/cms\/wp-json\/wp\/v2\/comments?post=505"}],"version-history":[{"count":1,"href":"https:\/\/www.taxi-garage.de\/cms\/wp-json\/wp\/v2\/pages\/505\/revisions"}],"predecessor-version":[{"id":27391,"href":"https:\/\/www.taxi-garage.de\/cms\/wp-json\/wp\/v2\/pages\/505\/revisions\/27391"}],"up":[{"embeddable":true,"href":"https:\/\/www.taxi-garage.de\/cms\/wp-json\/wp\/v2\/pages\/499"}],"wp:attachment":[{"href":"https:\/\/www.taxi-garage.de\/cms\/wp-json\/wp\/v2\/media?parent=505"}],"curies":[{"name":"wp","href":"https:\/\/api.w.org\/{rel}","templated":true}]}}