{"id":509,"date":"2017-06-15T10:51:58","date_gmt":"2017-06-15T08:51:58","guid":{"rendered":"https:\/\/www.taxi-garage.de\/cms\/?page_id=509"},"modified":"2025-08-15T09:43:53","modified_gmt":"2025-08-15T07:43:53","slug":"historie","status":"publish","type":"page","link":"https:\/\/www.taxi-garage.de\/cms\/unternehmen\/historie\/","title":{"rendered":"Historie"},"content":{"rendered":"<p>[et_pb_section fb_built=&#8220;1&#8243; fullwidth=&#8220;on&#8220; _builder_version=&#8220;4.16&#8243; background_color_gradient_start=&#8220;#7b786f&#8220; background_color_gradient_end=&#8220;#ffd500&#8243; background_image=&#8220;https:\/\/www.taxi-garage.de\/cms\/wp-content\/uploads\/2016\/07\/Unternehmen-Content-Martinstor.jpg&#8220; background_position=&#8220;bottom_center&#8220; global_colors_info=&#8220;{}&#8220;][et_pb_fullwidth_header title=&#8220;EIN JAHRHUNDERT IM STRA\u00dfENBILD VON FREIBURG&#8220; text_orientation=&#8220;center&#8220; header_fullscreen=&#8220;on&#8220; header_scroll_down=&#8220;on&#8220; scroll_down_icon=&#8220;%%10%%&#8220; scroll_down_icon_color=&#8220;#ffd500&#8243; scroll_down_icon_size=&#8220;40px&#8220; background_overlay_color=&#8220;rgba(0,0,0,0.3)&#8220; admin_label=&#8220;EIN JAHRHUNDERT&#8220; _builder_version=&#8220;4.16&#8243; title_font=&#8220;Montserrat|on||on|&#8220; title_text_color=&#8220;#ffd500&#8243; title_font_size=&#8220;3em&#8220; content_font=&#8220;|on||on|&#8220; content_font_size=&#8220;24px&#8220; content_line_height=&#8220;1.5em&#8220; subhead_font=&#8220;Raleway|on|||&#8220; subhead_font_size=&#8220;1.5em&#8220; background_color=&#8220;rgba(0,0,0,0.45)&#8220; max_width_tablet=&#8220;50px&#8220; global_colors_info=&#8220;{}&#8220; button_one_text_size__hover_enabled=&#8220;off&#8220; button_two_text_size__hover_enabled=&#8220;off&#8220; button_one_text_color__hover_enabled=&#8220;off&#8220; button_two_text_color__hover_enabled=&#8220;off&#8220; button_one_border_width__hover_enabled=&#8220;off&#8220; button_two_border_width__hover_enabled=&#8220;off&#8220; button_one_border_color__hover_enabled=&#8220;off&#8220; button_two_border_color__hover_enabled=&#8220;off&#8220; button_one_border_radius__hover_enabled=&#8220;off&#8220; button_two_border_radius__hover_enabled=&#8220;off&#8220; button_one_letter_spacing__hover_enabled=&#8220;off&#8220; button_two_letter_spacing__hover_enabled=&#8220;off&#8220; button_one_bg_color__hover_enabled=&#8220;off&#8220; button_two_bg_color__hover_enabled=&#8220;off&#8220;][\/et_pb_fullwidth_header][\/et_pb_section][et_pb_section fb_built=&#8220;1&#8243; _builder_version=&#8220;4.16&#8243; background_color=&#8220;#ffffff&#8220; custom_margin=&#8220;0px||0px|&#8220; custom_padding=&#8220;||0px|&#8220; global_colors_info=&#8220;{}&#8220;][et_pb_row _builder_version=&#8220;4.16&#8243; background_size=&#8220;initial&#8220; background_position=&#8220;top_left&#8220; background_repeat=&#8220;repeat&#8220; global_colors_info=&#8220;{}&#8220;][et_pb_column type=&#8220;4_4&#8243; _builder_version=&#8220;4.16&#8243; custom_padding=&#8220;|||&#8220; global_colors_info=&#8220;{}&#8220; custom_padding__hover=&#8220;|||&#8220;][et_pb_text admin_label=&#8220;Headline Es begann ganz tierisch&#8220; _builder_version=&#8220;4.16&#8243; text_font=&#8220;Raleway|||on|&#8220; text_font_size=&#8220;20&#8243; text_line_height=&#8220;2em&#8220; header_font=&#8220;Montserrat|on||on|&#8220; header_font_size=&#8220;3em&#8220; text_orientation=&#8220;center&#8220; module_alignment=&#8220;center&#8220; border_style=&#8220;solid&#8220; global_colors_info=&#8220;{}&#8220;]<\/p>\n<h1 style=\"text-align: center;\">ES BEGANN 1912 GANZ TIERISCH:<\/h1>\n<p>\u00a0<\/p>\n<p>[\/et_pb_text][\/et_pb_column][\/et_pb_row][\/et_pb_section][et_pb_section fb_built=&#8220;1&#8243; _builder_version=&#8220;4.16&#8243; custom_margin=&#8220;0px|||&#8220; custom_padding=&#8220;0px|||&#8220; global_colors_info=&#8220;{}&#8220;][et_pb_row use_custom_gutter=&#8220;on&#8220; gutter_width=&#8220;1&#8243; make_equal=&#8220;on&#8220; _builder_version=&#8220;4.16&#8243; global_colors_info=&#8220;{}&#8220; column_structure=&#8220;1_3,1_3,1_3&#8243;][et_pb_column type=&#8220;1_3&#8243; _builder_version=&#8220;4.16&#8243; custom_padding=&#8220;|||&#8220; global_colors_info=&#8220;{}&#8220; custom_padding__hover=&#8220;|||&#8220;][et_pb_image src=&#8220;https:\/\/www.taxi-garage.de\/cms\/wp-content\/uploads\/2017\/09\/01-01-droschke.jpg&#8220; align_tablet=&#8220;center&#8220; align_last_edited=&#8220;on|desktop&#8220; _builder_version=&#8220;4.16&#8243; border_style=&#8220;solid&#8220; always_center_on_mobile=&#8220;on&#8220; global_colors_info=&#8220;{}&#8220; align_phone=&#8220;center&#8220;][\/et_pb_image][\/et_pb_column][et_pb_column type=&#8220;1_3&#8243; _builder_version=&#8220;4.16&#8243; background_color=&#8220;#9b9292&#8243; custom_padding=&#8220;|||&#8220; global_colors_info=&#8220;{}&#8220; custom_padding__hover=&#8220;|||&#8220;][et_pb_image src=&#8220;https:\/\/www.taxi-garage.de\/cms\/wp-content\/uploads\/2017\/09\/01-02-garage.jpg&#8220; align_tablet=&#8220;center&#8220; align_last_edited=&#8220;on|desktop&#8220; _builder_version=&#8220;4.16&#8243; border_style=&#8220;solid&#8220; always_center_on_mobile=&#8220;on&#8220; global_colors_info=&#8220;{}&#8220; align_phone=&#8220;center&#8220;][\/et_pb_image][\/et_pb_column][et_pb_column type=&#8220;1_3&#8243; _builder_version=&#8220;4.16&#8243; background_color=&#8220;#bab4ae&#8220; custom_padding=&#8220;|||&#8220; global_colors_info=&#8220;{}&#8220; custom_padding__hover=&#8220;|||&#8220;][et_pb_image src=&#8220;https:\/\/www.taxi-garage.de\/cms\/wp-content\/uploads\/2017\/09\/04-03-drei-taxifahrer.jpg&#8220; align_tablet=&#8220;center&#8220; align_last_edited=&#8220;on|desktop&#8220; _builder_version=&#8220;4.16&#8243; border_style=&#8220;solid&#8220; always_center_on_mobile=&#8220;on&#8220; global_colors_info=&#8220;{}&#8220; align_phone=&#8220;center&#8220;][\/et_pb_image][\/et_pb_column][\/et_pb_row][et_pb_row _builder_version=&#8220;4.16&#8243; custom_margin=&#8220;||0px|&#8220; global_colors_info=&#8220;{}&#8220; column_structure=&#8220;1_3,1_3,1_3&#8243;][et_pb_column type=&#8220;1_3&#8243; _builder_version=&#8220;4.16&#8243; custom_padding=&#8220;|||&#8220; global_colors_info=&#8220;{}&#8220; custom_padding__hover=&#8220;|||&#8220;][et_pb_image src=&#8220;https:\/\/www.taxi-garage.de\/cms\/wp-content\/uploads\/2017\/09\/03-03-vw-kaefer.jpg&#8220; align_tablet=&#8220;center&#8220; align_last_edited=&#8220;on|desktop&#8220; _builder_version=&#8220;4.16&#8243; border_style=&#8220;solid&#8220; always_center_on_mobile=&#8220;on&#8220; global_colors_info=&#8220;{}&#8220; align_phone=&#8220;center&#8220;][\/et_pb_image][\/et_pb_column][et_pb_column type=&#8220;1_3&#8243; _builder_version=&#8220;4.16&#8243; custom_padding=&#8220;|||&#8220; global_colors_info=&#8220;{}&#8220; custom_padding__hover=&#8220;|||&#8220;][et_pb_text _builder_version=&#8220;4.16&#8243; border_style=&#8220;solid&#8220; global_colors_info=&#8220;{}&#8220;]<\/p>\n<p><strong>Zum Teil noch mit Pferdedroschken brachte die Familie Dresmann Bewegung in Freiburgs Personen- und G\u00fcterverkehr. <\/strong><\/p>\n<p>Aber auch schon mit Kraftwagen \u2013 und kurze Zeit sp\u00e4ter kamen die ersten Busse dazu.Das Nachkriegs-Wirtschaftswunder brachte dann den n\u00e4chsten Wachstumsschub: Man war auf Draht und Sendung und vermittelte die \u00fcber Fernsprecher eingehenden Fahrauftr\u00e4ge per Sprechfunk an die Taxis. Der Expansionskurs erforderte auch neue Unternehmensformen: 1995 gab die Familie Dresmann den Taxibetrieb in die H\u00e4nde der neu gegr\u00fcndeten Taxi Dresmann GmbH.<\/p>\n<p>\u00a0<\/p>\n<p>[\/et_pb_text][\/et_pb_column][et_pb_column type=&#8220;1_3&#8243; _builder_version=&#8220;4.16&#8243; custom_padding=&#8220;|||&#8220; global_colors_info=&#8220;{}&#8220; custom_padding__hover=&#8220;|||&#8220;][et_pb_image src=&#8220;https:\/\/www.taxi-garage.de\/cms\/wp-content\/uploads\/2017\/09\/03-05-boehler-schild.jpg&#8220; align_tablet=&#8220;center&#8220; align_last_edited=&#8220;on|desktop&#8220; _builder_version=&#8220;4.16&#8243; border_style=&#8220;solid&#8220; always_center_on_mobile=&#8220;on&#8220; global_colors_info=&#8220;{}&#8220; align_phone=&#8220;center&#8220;][\/et_pb_image][\/et_pb_column][\/et_pb_row][et_pb_row _builder_version=&#8220;4.16&#8243; custom_margin=&#8220;NaNpx||0px|&#8220; custom_padding=&#8220;0px|||&#8220; global_colors_info=&#8220;{}&#8220;][et_pb_column type=&#8220;4_4&#8243; _builder_version=&#8220;4.16&#8243; custom_padding=&#8220;|||&#8220; global_colors_info=&#8220;{}&#8220; custom_padding__hover=&#8220;|||&#8220;][et_pb_text _builder_version=&#8220;4.16&#8243; border_style=&#8220;solid&#8220; global_colors_info=&#8220;{}&#8220;]<\/p>\n<h4 style=\"text-align: left;\"><strong>2007 gab es dann wieder respektablen Zuwachs: <\/strong><\/h4>\n<p style=\"text-align: left;\">Die altbekannte und -bew\u00e4hrte Freiburger &#8222;Taxi-Familie&#8220; B\u00f6hler schloss sich mit ihrem Taxi- und Schulbusbetrieb unserem Unternehmen an. So wird heute aus einer Hand die Tradition zweier alteingesessener Familienbetriebe fortgef\u00fchrt.<\/p>\n<p>\u00a0<\/p>\n<p>[\/et_pb_text][\/et_pb_column][\/et_pb_row][\/et_pb_section][et_pb_section fb_built=&#8220;1&#8243; _builder_version=&#8220;4.16&#8243; background_color=&#8220;rgba(223,223,223,0.6)&#8220; custom_margin=&#8220;0px|||&#8220; custom_padding=&#8220;||0px|&#8220; global_colors_info=&#8220;{}&#8220;][et_pb_row use_custom_gutter=&#8220;on&#8220; gutter_width=&#8220;2&#8243; _builder_version=&#8220;4.16&#8243; global_colors_info=&#8220;{}&#8220; column_structure=&#8220;1_2,1_2&#8243;][et_pb_column type=&#8220;1_2&#8243; _builder_version=&#8220;4.16&#8243; custom_padding=&#8220;|||&#8220; global_colors_info=&#8220;{}&#8220; custom_padding__hover=&#8220;|||&#8220;][et_pb_image src=&#8220;https:\/\/www.taxi-garage.de\/cms\/wp-content\/uploads\/2017\/09\/dresmann-taxi-1912.jpg&#8220; align_tablet=&#8220;center&#8220; align_last_edited=&#8220;on|desktop&#8220; _builder_version=&#8220;4.16&#8243; border_radii=&#8220;on|7px|7px|7px|7px&#8220; border_width_all=&#8220;4&#8243; global_colors_info=&#8220;{}&#8220; align_phone=&#8220;center&#8220;][\/et_pb_image][\/et_pb_column][et_pb_column type=&#8220;1_2&#8243; _builder_version=&#8220;4.16&#8243; custom_padding=&#8220;|||&#8220; global_colors_info=&#8220;{}&#8220; custom_padding__hover=&#8220;|||&#8220;][et_pb_text admin_label=&#8220;CHAUFFEURE SEIT KAISERS ZEITEN&#8220; _builder_version=&#8220;4.16&#8243; custom_margin=&#8220;0px||0px|&#8220; custom_padding=&#8220;0px||0px|&#8220; custom_padding_tablet=&#8220;&#8220; custom_padding_phone=&#8220;&#8220; custom_padding_last_edited=&#8220;on|desktop&#8220; global_colors_info=&#8220;{}&#8220;]<\/p>\n<h1>CHAUFFEURE SEIT<br \/>KAISERS ZEITEN<\/h1>\n<p>Das Taxiunternehmen Dresmann wird 100 Jahre alt. Erst zwei Weltkriege und die Weltwirtschaftskrise, dann der Benzinschock: Wer ins Geschichtsbuch blickt, ahnt schnell, dass sich das Freiburger Taxiunternehmen Dresmann w\u00e4hrend seines 100-j\u00e4hrigen Bestehens h\u00e4ufig durchbei\u00dfen musste &#8230;<\/p>\n<p>\u00a0<\/p>\n<p>[\/et_pb_text][et_pb_button button_url=&#8220;\/cms\/infothek\/presse\/&#8220; button_text=&#8220;zum ganzen Artikel&#8220; button_alignment=&#8220;left&#8220; admin_label=&#8220;ganzer Artikel&#8220; module_class=&#8220;et_pb_animation_bottom et-animated et-waypoint&#8220; _builder_version=&#8220;4.16&#8243; custom_button=&#8220;on&#8220; button_text_size=&#8220;18&#8243; button_text_color=&#8220;#000000&#8243; button_bg_color=&#8220;#ffd500&#8243; button_border_width=&#8220;4&#8243; button_border_color=&#8220;#000000&#8243; button_border_radius=&#8220;8&#8243; button_letter_spacing=&#8220;1&#8243; button_font=&#8220;Raleway|on|||&#8220; button_icon=&#8220;&#x45;||divi||400&#8243; button_on_hover=&#8220;off&#8220; custom_margin=&#8220;0px||0px|&#8220; custom_padding=&#8220;0px||0px|&#8220; button_text_color_hover=&#8220;#000000&#8243; button_border_color_hover=&#8220;#ffd500&#8243; button_border_radius_hover=&#8220;8&#8243; button_letter_spacing_hover=&#8220;1&#8243; button_bg_color_hover=&#8220;#ffd500&#8243; saved_tabs=&#8220;all&#8220; global_colors_info=&#8220;{}&#8220; button_text_size__hover_enabled=&#8220;off&#8220; button_one_text_size__hover_enabled=&#8220;off&#8220; button_two_text_size__hover_enabled=&#8220;off&#8220; button_text_color__hover_enabled=&#8220;on&#8220; button_text_color__hover=&#8220;#000000&#8243; button_one_text_color__hover_enabled=&#8220;off&#8220; button_two_text_color__hover_enabled=&#8220;off&#8220; button_border_width__hover_enabled=&#8220;off&#8220; button_one_border_width__hover_enabled=&#8220;off&#8220; button_two_border_width__hover_enabled=&#8220;off&#8220; button_border_color__hover_enabled=&#8220;on&#8220; button_border_color__hover=&#8220;#ffd500&#8243; button_one_border_color__hover_enabled=&#8220;off&#8220; button_two_border_color__hover_enabled=&#8220;off&#8220; button_border_radius__hover_enabled=&#8220;on&#8220; button_border_radius__hover=&#8220;8&#8243; button_one_border_radius__hover_enabled=&#8220;off&#8220; button_two_border_radius__hover_enabled=&#8220;off&#8220; button_letter_spacing__hover_enabled=&#8220;on&#8220; button_letter_spacing__hover=&#8220;1&#8243; button_one_letter_spacing__hover_enabled=&#8220;off&#8220; button_two_letter_spacing__hover_enabled=&#8220;off&#8220; button_bg_color__hover_enabled=&#8220;on&#8220; button_bg_color__hover=&#8220;#ffd500&#8243; button_one_bg_color__hover_enabled=&#8220;off&#8220; button_two_bg_color__hover_enabled=&#8220;off&#8220;][\/et_pb_button][\/et_pb_column][\/et_pb_row][et_pb_row _builder_version=&#8220;4.16&#8243; background_size=&#8220;initial&#8220; background_position=&#8220;top_left&#8220; background_repeat=&#8220;repeat&#8220; global_colors_info=&#8220;{}&#8220;][et_pb_column type=&#8220;4_4&#8243; _builder_version=&#8220;4.16&#8243; custom_padding=&#8220;|||&#8220; global_colors_info=&#8220;{}&#8220; custom_padding__hover=&#8220;|||&#8220;][et_pb_divider show_divider=&#8220;off&#8220; _builder_version=&#8220;4.16&#8243; global_colors_info=&#8220;{}&#8220;][\/et_pb_divider][\/et_pb_column][\/et_pb_row][\/et_pb_section]<\/p>\n","protected":false},"excerpt":{"rendered":"<p>ES BEGANN 1912 GANZ TIERISCH:\u00a0 Zum Teil noch mit Pferdedroschken brachte die Familie Dresmann Bewegung in Freiburgs Personen- und G\u00fcterverkehr. Aber auch schon mit Kraftwagen \u2013 und kurze Zeit sp\u00e4ter kamen die ersten Busse dazu.Das Nachkriegs-Wirtschaftswunder brachte dann den n\u00e4chsten Wachstumsschub: Man war auf Draht und Sendung und vermittelte die \u00fcber Fernsprecher eingehenden Fahrauftr\u00e4ge per [&hellip;]<\/p>\n","protected":false},"author":2,"featured_media":0,"parent":499,"menu_order":13,"comment_status":"closed","ping_status":"closed","template":"","meta":{"_et_pb_use_builder":"on","_et_pb_old_content":"","_et_gb_content_width":"","footnotes":""},"class_list":["post-509","page","type-page","status-publish","hentry"],"_links":{"self":[{"href":"https:\/\/www.taxi-garage.de\/cms\/wp-json\/wp\/v2\/pages\/509","targetHints":{"allow":["GET"]}}],"collection":[{"href":"https:\/\/www.taxi-garage.de\/cms\/wp-json\/wp\/v2\/pages"}],"about":[{"href":"https:\/\/www.taxi-garage.de\/cms\/wp-json\/wp\/v2\/types\/page"}],"author":[{"embeddable":true,"href":"https:\/\/www.taxi-garage.de\/cms\/wp-json\/wp\/v2\/users\/2"}],"replies":[{"embeddable":true,"href":"https:\/\/www.taxi-garage.de\/cms\/wp-json\/wp\/v2\/comments?post=509"}],"version-history":[{"count":1,"href":"https:\/\/www.taxi-garage.de\/cms\/wp-json\/wp\/v2\/pages\/509\/revisions"}],"predecessor-version":[{"id":27392,"href":"https:\/\/www.taxi-garage.de\/cms\/wp-json\/wp\/v2\/pages\/509\/revisions\/27392"}],"up":[{"embeddable":true,"href":"https:\/\/www.taxi-garage.de\/cms\/wp-json\/wp\/v2\/pages\/499"}],"wp:attachment":[{"href":"https:\/\/www.taxi-garage.de\/cms\/wp-json\/wp\/v2\/media?parent=509"}],"curies":[{"name":"wp","href":"https:\/\/api.w.org\/{rel}","templated":true}]}}