{"id":562,"date":"2017-06-15T11:13:49","date_gmt":"2017-06-15T09:13:49","guid":{"rendered":"https:\/\/www.taxi-garage.de\/cms\/?page_id=562"},"modified":"2025-08-15T09:41:27","modified_gmt":"2025-08-15T07:41:27","slug":"taxifahrerin-werden","status":"publish","type":"page","link":"https:\/\/www.taxi-garage.de\/cms\/infothek\/taxifahrerin-werden\/","title":{"rendered":"Taxifahrer\/in werden"},"content":{"rendered":"<p>[et_pb_section fb_built=&#8220;1&#8243; custom_padding_last_edited=&#8220;on|desktop&#8220; admin_label=&#8220;section&#8220; _builder_version=&#8220;4.16&#8243; background_image=&#8220;https:\/\/www.taxi-garage.de\/cms\/wp-content\/uploads\/2017\/09\/Fahrdienste-FullScreen-Taxen.jpg&#8220; background_position=&#8220;top_right&#8220; custom_padding=&#8220;0px||0px|&#8220; custom_padding_tablet=&#8220;&#8220; custom_padding_phone=&#8220;&#8220; global_colors_info=&#8220;{}&#8220;][et_pb_row column_structure=&#8220;1_2,1_2&#8243; use_custom_gutter=&#8220;on&#8220; gutter_width=&#8220;1&#8243; custom_padding_last_edited=&#8220;on|desktop&#8220; admin_label=&#8220;row&#8220; module_class=&#8220; et_pb_row_fullwidth&#8220; _builder_version=&#8220;4.16&#8243; background_size=&#8220;initial&#8220; background_position=&#8220;top_left&#8220; background_repeat=&#8220;repeat&#8220; width=&#8220;100%&#8220; width_tablet=&#8220;100%&#8220; width_phone=&#8220;100%&#8220; width_last_edited=&#8220;on|desktop&#8220; max_width=&#8220;100%&#8220; max_width_tablet=&#8220;100%&#8220; max_width_phone=&#8220;100%&#8220; max_width_last_edited=&#8220;on|desktop&#8220; custom_margin_tablet=&#8220;&#8220; custom_margin_phone=&#8220;||-6%|&#8220; custom_margin_last_edited=&#8220;on|phone&#8220; custom_padding=&#8220;0px||0px|&#8220; custom_padding_tablet=&#8220;&#8220; custom_padding_phone=&#8220;&#8220; make_fullwidth=&#8220;on&#8220; global_colors_info=&#8220;{}&#8220;][et_pb_column type=&#8220;1_2&#8243; _builder_version=&#8220;4.16&#8243; background_position=&#8220;top_left&#8220; custom_padding=&#8220;9%|4%|12%|8%&#8220; custom_padding_tablet=&#8220;9%|4%|12%|8%&#8220; custom_padding_phone=&#8220;6%|||&#8220; custom_padding_last_edited=&#8220;on|phone&#8220; global_colors_info=&#8220;{}&#8220; custom_padding__hover=&#8220;|||&#8220;][\/et_pb_column][et_pb_column type=&#8220;1_2&#8243; _builder_version=&#8220;4.16&#8243; background_color=&#8220;rgba(0,0,0,0.6)&#8220; background_position=&#8220;top_left&#8220; custom_padding=&#8220;12%|8%|12%|4%&#8220; global_colors_info=&#8220;{}&#8220; custom_padding__hover=&#8220;|||&#8220;][et_pb_text admin_label=&#8220;TAXISCHEIN&#8220; module_class=&#8220;et_pb_animation_bottom et-animated et-waypoint&#8220; _builder_version=&#8220;4.16&#8243; text_font=&#8220;Montserrat|on||on|&#8220; text_font_size=&#8220;5em&#8220; text_line_height=&#8220;1em&#8220; background_size=&#8220;initial&#8220; background_position=&#8220;top_left&#8220; background_repeat=&#8220;repeat&#8220; background_layout=&#8220;dark&#8220; custom_padding=&#8220;4%|||&#8220; text_font_size_tablet=&#8220;4em&#8220; text_font_size_phone=&#8220;3em&#8220; text_font_size_last_edited=&#8220;on|desktop&#8220; custom_css_main_element=&#8220;position: relative ;||z-index: 999 ;&#8220; global_colors_info=&#8220;{}&#8220;]<\/p>\n<p>DER WEG<br \/>ZUM<span style=\"color: #ffd500;\"><br \/><\/span><span style=\"color: #ffd500;\">TAXISCHEIN<\/span><\/p>\n<p>[\/et_pb_text][et_pb_text module_class=&#8220;et_pb_animation_bottom et-animated et-waypoint&#8220; _builder_version=&#8220;4.16&#8243; text_font=&#8220;Raleway||||&#8220; text_text_color=&#8220;#ffffff&#8220; text_font_size=&#8220;20&#8243; background_size=&#8220;initial&#8220; background_position=&#8220;top_left&#8220; background_repeat=&#8220;repeat&#8220; custom_padding=&#8220;2%||4%|&#8220; global_colors_info=&#8220;{}&#8220;]<\/p>\n<p>SO WERDEN SIE TAXIFAHRER\/IN<\/p>\n<p>[\/et_pb_text][\/et_pb_column][\/et_pb_row][\/et_pb_section][et_pb_section fb_built=&#8220;1&#8243; _builder_version=&#8220;4.16&#8243; global_colors_info=&#8220;{}&#8220;][et_pb_row _builder_version=&#8220;4.16&#8243; background_size=&#8220;initial&#8220; background_position=&#8220;top_left&#8220; background_repeat=&#8220;repeat&#8220; global_colors_info=&#8220;{}&#8220;][et_pb_column type=&#8220;4_4&#8243; _builder_version=&#8220;4.16&#8243; custom_padding=&#8220;|||&#8220; global_colors_info=&#8220;{}&#8220; custom_padding__hover=&#8220;|||&#8220;][et_pb_text admin_label=&#8220;Text Voraussetzungen&#8220; _builder_version=&#8220;4.16&#8243; text_font_size=&#8220;16&#8243; header_font=&#8220;Montserrat|on||on|&#8220; header_text_color=&#8220;#f4b300&#8243; header_font_size=&#8220;1.5em&#8220; custom_padding=&#8220;||0px|&#8220; border_style=&#8220;solid&#8220; global_colors_info=&#8220;{}&#8220;]<\/p>\n<h1>1.) DIE VORAUSSETZUNGEN<\/h1>\n<p>Ein Taxifahrer muss einen F\u00fchrerschein zur Fahrgastbef\u00f6rderung (FzF) &#8211; kurz &#8222;P-Schein&#8220; oder &#8222;Taxischein&#8220; genannt &#8211; besitzen. Um ihn beantragen zu k\u00f6nnen, m\u00fcssen folgende Voraussetzungen erf\u00fcllt sein:<\/p>\n<ul>\n<li>Besitz des F\u00fchrerscheins im Scheckkartenformat, gegebenenfalls m\u00fcssen Sie den bisherigen F\u00fchrerschein zun\u00e4chst in einen EU-F\u00fchrerschein umtauschen<\/li>\n<li>Mindestalter: 21 Jahre (bei Krankenwagen: 19 Jahre)<\/li>\n<li>Besitz des F\u00fchrerscheins der Klasse B oder eines entsprechenden F\u00fchrerscheins seit mindestens zwei Jahren (bei Krankenwagen: ein Jahr)<\/li>\n<li>Nachweis der k\u00f6rperlichen und geistigen Eignung<\/li>\n<li>pers\u00f6nliche Zuverl\u00e4ssigkeit (es d\u00fcrfen keine gravierenden Vorstrafen und Verkehrsverst\u00f6\u00dfe vorliegen)<\/li>\n<li>Nachweis der Ortskenntnis bei Taxen, Mietwagen und Krankenwagen<\/li>\n<li>Gute Kenntnisse der deutschen Sprache.<\/li>\n<\/ul>\n<p>Die Ortskundepr\u00fcfung und das Gesundheitszeugnis m\u00fcssen bei Antragstellung nicht vorliegen und k\u00f6nnen nachgereicht werden.<\/p>\n<hr \/>\n<p>[\/et_pb_text][et_pb_text admin_label=&#8220;Text ANTRAGSTELLUNG&#8220; _builder_version=&#8220;4.16&#8243; text_font_size=&#8220;16&#8243; header_font=&#8220;Montserrat|on||on|&#8220; header_text_color=&#8220;#f4b300&#8243; header_font_size=&#8220;1.5em&#8220; custom_padding=&#8220;||0px|&#8220; border_style=&#8220;solid&#8220; global_colors_info=&#8220;{}&#8220;]<\/p>\n<h1>2.) DIE ANTRAGSTELLUNG<\/h1>\n<p>Das Antragsformular erhalten Sie bei der zust\u00e4ndigen F\u00fchrerscheinstelle Ihres Wohnortes<\/p>\n<ul>\n<li>Wenn Sie in einem Stadtkreis wohnen: die Stadtverwaltung<\/li>\n<li>Wenn Sie in einem Landkreis wohnen: das Landratsamt<\/li>\n<\/ul>\n<p>Eine pers\u00f6nliche Vorsprache ist erforderlich. Die im Antrag anzugebenden pers\u00f6nlichen Daten sind von der Wohnsitzgemeinde zu best\u00e4tigen, bei der Sie auch den Antrag einreichen k\u00f6nnen.<\/p>\n<hr \/>\n<p>[\/et_pb_text][et_pb_text admin_label=&#8220;Text KOSTEN&#8220; _builder_version=&#8220;4.16&#8243; header_font=&#8220;Montserrat|on||on|&#8220; header_text_color=&#8220;#f4b300&#8243; header_font_size=&#8220;1.5em&#8220; custom_padding=&#8220;||0px|&#8220; global_colors_info=&#8220;{}&#8220;]<\/p>\n<h1>3.) DIE KOSTEN<\/h1>\n<p>Die Kosten f\u00fcr den Taxischein setzen sich bei Ersterteilung bzw. Erstbeantragung wie folgt zusammen:<\/p>\n<ul>\n<li>Amtsgeb\u00fchren: ca. 60 EUR<\/li>\n<li>Arbeitsmedizinische Untersuchung mit zus\u00e4tzlichem Leistungsgutachten: ca. 120-200 EUR<\/li>\n<li>Funkausweis-Schulung: ca. 50 EUR<\/li>\n<\/ul>\n<p>Anmerkung: Bei der Ersterteilung bestehen F\u00f6rderm\u00f6glichkeiten seitens der Agentur f\u00fcr Arbeit bzw. der ARGE. Beachten Sie bitte, dass die Kosten\u00fcbernahme rechtzeitig beantragt sein muss, bevor Kosten angefallen sind.<\/p>\n<p><strong>Die Kosten f\u00fcr die Folgeerteilung bzw. Verl\u00e4ngerung bestehen aus:<\/strong><\/p>\n<ul>\n<li>Amtsgeb\u00fchren: ca. 60 EUR<\/li>\n<li>Arbeitsmedizinische Untersuchung: ca. 120-200 EUR<\/li>\n<\/ul>\n<p><strong>Anmerkung:<\/strong> Die Verl\u00e4ngerung muss alle 5 Jahre erfolgen. Mitarbeiter der Taxi Dresmann GmbH erhalten von unserem Betrieb die Kosten f\u00fcr die Verl\u00e4ngerung erstattet.<\/p>\n<hr \/>\n<p><a href=\"https:\/\/www.taxi-garage.de\/cms\/unternehmen\/stellenangebote\/\"><span style=\"color: #ffcc00;\"><strong>Bewerben Sie sich noch heute <span style=\"color: #000000;\">&gt;&gt;<\/span><\/strong><\/span><\/a><\/p>\n<p>[\/et_pb_text][\/et_pb_column][\/et_pb_row][\/et_pb_section]<\/p>\n","protected":false},"excerpt":{"rendered":"<p>DER WEGZUMTAXISCHEIN SO WERDEN SIE TAXIFAHRER\/IN 1.) DIE VORAUSSETZUNGENEin Taxifahrer muss einen F\u00fchrerschein zur Fahrgastbef\u00f6rderung (FzF) &#8211; kurz &#8222;P-Schein&#8220; oder &#8222;Taxischein&#8220; genannt &#8211; besitzen. Um ihn beantragen zu k\u00f6nnen, m\u00fcssen folgende Voraussetzungen erf\u00fcllt sein:Besitz des F\u00fchrerscheins im Scheckkartenformat, gegebenenfalls m\u00fcssen Sie den bisherigen F\u00fchrerschein zun\u00e4chst in einen EU-F\u00fchrerschein umtauschenMindestalter: 21 Jahre (bei Krankenwagen: 19 Jahre)Besitz [&hellip;]<\/p>\n","protected":false},"author":2,"featured_media":0,"parent":501,"menu_order":3,"comment_status":"closed","ping_status":"closed","template":"","meta":{"_et_pb_use_builder":"on","_et_pb_old_content":"","_et_gb_content_width":"","footnotes":""},"class_list":["post-562","page","type-page","status-publish","hentry"],"_links":{"self":[{"href":"https:\/\/www.taxi-garage.de\/cms\/wp-json\/wp\/v2\/pages\/562","targetHints":{"allow":["GET"]}}],"collection":[{"href":"https:\/\/www.taxi-garage.de\/cms\/wp-json\/wp\/v2\/pages"}],"about":[{"href":"https:\/\/www.taxi-garage.de\/cms\/wp-json\/wp\/v2\/types\/page"}],"author":[{"embeddable":true,"href":"https:\/\/www.taxi-garage.de\/cms\/wp-json\/wp\/v2\/users\/2"}],"replies":[{"embeddable":true,"href":"https:\/\/www.taxi-garage.de\/cms\/wp-json\/wp\/v2\/comments?post=562"}],"version-history":[{"count":1,"href":"https:\/\/www.taxi-garage.de\/cms\/wp-json\/wp\/v2\/pages\/562\/revisions"}],"predecessor-version":[{"id":27389,"href":"https:\/\/www.taxi-garage.de\/cms\/wp-json\/wp\/v2\/pages\/562\/revisions\/27389"}],"up":[{"embeddable":true,"href":"https:\/\/www.taxi-garage.de\/cms\/wp-json\/wp\/v2\/pages\/501"}],"wp:attachment":[{"href":"https:\/\/www.taxi-garage.de\/cms\/wp-json\/wp\/v2\/media?parent=562"}],"curies":[{"name":"wp","href":"https:\/\/api.w.org\/{rel}","templated":true}]}}