{"id":569,"date":"2017-06-15T11:21:38","date_gmt":"2017-06-15T09:21:38","guid":{"rendered":"https:\/\/www.taxi-garage.de\/cms\/?page_id=569"},"modified":"2023-05-16T08:56:17","modified_gmt":"2023-05-16T06:56:17","slug":"taxitarif","status":"publish","type":"page","link":"https:\/\/www.taxi-garage.de\/cms\/taxi-fahrdienste\/taxitarif\/","title":{"rendered":"Taxitarif"},"content":{"rendered":"<p>[et_pb_section fb_built=&#8220;1&#8243; _builder_version=&#8220;4.16&#8243; global_colors_info=&#8220;{}&#8220;][et_pb_row _builder_version=&#8220;4.16&#8243; module_alignment=&#8220;center&#8220; global_colors_info=&#8220;{}&#8220;][et_pb_column type=&#8220;4_4&#8243; _builder_version=&#8220;4.16&#8243; custom_padding=&#8220;|||&#8220; global_colors_info=&#8220;{}&#8220; custom_padding__hover=&#8220;|||&#8220;][et_pb_text admin_label=&#8220;Headline Freiburger Taxitarif&#8220; _builder_version=&#8220;4.21.0&#8243; text_font=&#8220;||||&#8220; header_font=&#8220;Montserrat|on||on|&#8220; header_text_align=&#8220;left&#8220; header_font_size=&#8220;3em&#8220; text_orientation=&#8220;center&#8220; module_alignment=&#8220;center&#8220; global_colors_info=&#8220;{}&#8220;]<\/p>\n<h1 style=\"text-align: left;\"><span style=\"color: #ffcc00;\">Amtlicher<\/span> Freiburger Taxitarif<\/h1>\n<hr \/>\n<p style=\"text-align: left;\"><strong>Auszug<\/strong> aus der Verordnung \u00fcber die Festsetzung der Bef\u00f6rderungsentgelte und Bef\u00f6rderungsbedingungen f\u00fcr den Gelegenheitsverkehr mit Taxen in der Stadt Freiburg im Breisgau (Taxentarif). <strong>G\u00fcltig ab 1. Mai 2023<\/strong><\/p>\n<p>[\/et_pb_text][\/et_pb_column][\/et_pb_row][et_pb_row admin_label=&#8220;Zeile Tabelle Tarifstufen&#8220; _builder_version=&#8220;4.21.0&#8243; _module_preset=&#8220;default&#8220; locked=&#8220;off&#8220; global_colors_info=&#8220;{}&#8220;][et_pb_column type=&#8220;4_4&#8243; _builder_version=&#8220;4.21.0&#8243; _module_preset=&#8220;default&#8220; global_colors_info=&#8220;{}&#8220;][et_pb_text admin_label=&#8220;Text Tabelle Tarifstufen I &#038; II&#8220; _builder_version=&#8220;4.21.0&#8243; _module_preset=&#8220;default&#8220; global_colors_info=&#8220;{}&#8220;]<\/p>\n<table style=\"widht:100%; background-color:#FFF0BA\">\n<tbody>\n<tr style=\"background-color: #ffcc00;\">\n<th>\n<h5>Standardtaxi bis 4 Fahrg\u00e4ste<\/h5>\n<p>Fahrpreis\u00ad\u00adzusammensetzung<\/th>\n<th>\n<h5>Tarifstufe I<\/h5>\n<p>(Tagtarif in Euro)<\/th>\n<th>\n<h5>Tarifstufe II<\/h5>\n<p>(Nachttarif in Euro)<\/th>\n<\/tr>\n<tr>\n<th>Grundpreis einschlie\u00dflich der ersten Fortschalteinheit<\/th>\n<td>5,00 EUR<\/td>\n<td>6,50 EUR<\/td>\n<\/tr>\n<tr>\n<th>Streckenpreis pro Kilometer bis zu 3 km<\/th>\n<td>3,50 EUR<br \/>\n(Fortschaltbetragsstufe:<br \/>\n0,10 EUR je 28,57 m)<\/td>\n<td>4,00 EUR<br \/>\n(Fortschaltbetragsstufe:<br \/>\n0,10 EUR je 25,00 m)<\/td>\n<\/tr>\n<tr>\n<th>Streckenpreis ab 3 km f\u00fcr jeden weiteren Kilometer<\/th>\n<td>2,50 EUR<br \/>\n(Fortschaltbetragsstufe:<br \/>\n0,10 EUR je 40,00 m)<\/td>\n<td>3,00 EUR<br \/>\n(Fortschaltbetragsstufe:<br \/>\n0,10 EUR je 33,33 m)<\/td>\n<\/tr>\n<tr>\n<th>Zeitpreis pro Stunde<\/th>\n<td>50,00 EUR<br \/>\n(Fortschaltbetragsstufe:<br \/>\n0,10 EUR je 7,20 Sek.)<\/td>\n<td>50,00 EUR<br \/>\n(Fortschaltbetragsstufe:<br \/>\n0,10 EUR je 7,20 Sek.)<\/td>\n<\/tr>\n<\/tbody>\n<\/table>\n<p>[\/et_pb_text][et_pb_text admin_label=&#8220;Text Tabelle Tarifstufen III &#038; IV&#8220; _builder_version=&#8220;4.21.0&#8243; _module_preset=&#8220;default&#8220; global_colors_info=&#8220;{}&#8220;]<\/p>\n<table style=\"widht: 100%; background-color: #FFF0BA;\">\n<tbody>\n<tr style=\"background-color: #ffcc00;\">\n<th>\n<h5>Gro\u00dfraumtaxi ab 5 Fahrg\u00e4sten <br \/>oder auf Anforderung<\/h5>\n<p>Fahrpreis\u00ad\u00adzusammensetzung<\/p>\n<\/th>\n<th>\n<h5>Tarifstufe III<\/h5>\n<p>(Tagtarif in Euro)<\/p>\n<\/th>\n<th>\n<h5>Tarifstufe IV<\/h5>\n<p>(Nachttarif in Euro)<\/p>\n<\/th>\n<\/tr>\n<tr>\n<th>Grundpreis einschlie\u00dflich der ersten Fortschalteinheit<\/th>\n<td>10,00 EUR<\/td>\n<td>13,00 EUR<\/td>\n<\/tr>\n<tr>\n<th>Streckenpreis pro Kilometer bis zu 3 km<\/th>\n<td>4,00 EUR<br \/>(Fortschaltbetragsstufe:<br \/>0,10 EUR je 25,00 m)<\/td>\n<td>5,00 EUR<br \/>(Fortschaltbetragsstufe:<br \/>0,10 EUR je 20,00 m)<\/td>\n<\/tr>\n<tr>\n<th>Streckenpreis ab 3 km f\u00fcr jeden weiteren Kilometer<\/th>\n<td>3,00 EUR<br \/>(Fortschaltbetragsstufe:<br \/>0,10 EUR je 33,33 m)<\/td>\n<td>4,00 EUR<br \/>(Fortschaltbetragsstufe:<br \/>0,10 EUR je 25,00 m)<\/td>\n<\/tr>\n<tr>\n<th>Zeitpreis pro Stunde<\/th>\n<td>50,00 EUR<br \/>(Fortschaltbetragsstufe:<br \/>0,10 EUR je 7,20 Sek.)<\/td>\n<td>50,00 EUR<br \/>(Fortschaltbetragsstufe:<br \/>0,10 EUR je 7,20 Sek.)<\/td>\n<\/tr>\n<\/tbody>\n<\/table>\n<p>[\/et_pb_text][\/et_pb_column][\/et_pb_row][et_pb_row _builder_version=&#8220;4.16&#8243; global_colors_info=&#8220;{}&#8220;][et_pb_column type=&#8220;4_4&#8243; _builder_version=&#8220;4.16&#8243; custom_padding=&#8220;|||&#8220; global_colors_info=&#8220;{}&#8220; custom_padding__hover=&#8220;|||&#8220;][et_pb_text admin_label=&#8220;Text Erkl\u00e4rungen&#8220; _builder_version=&#8220;4.21.0&#8243; hover_enabled=&#8220;0&#8243; global_colors_info=&#8220;{}&#8220; sticky_enabled=&#8220;0&#8243;]<\/p>\n<ul>\n<li>Der <strong>Tagtarif<\/strong> gilt werktags in der Zeit von 06:00 Uhr bis 22:00 Uhr. Der <strong>Nachttarif<\/strong> gilt werktags in der Zeit von 22:00 Uhr bis 06:00 Uhr sowie an Sonn- und Feiertagen ganzt\u00e4gig.<\/li>\n<li>Auf die <strong>Bef\u00f6rderung von Rollstuhlfahrenden<\/strong> im Rollstuhl sitzend (nicht umsetzbar) in einem nach DIN 75078 geeigneten Spezialfahrzeug finden die Tarifstufen III bzw. IV Anwendung.<\/li>\n<li>Die <strong>Schalteinheit (Fortschaltbetrag)<\/strong> betr\u00e4gt 0,10 Euro. Der Fortschaltbetrag gibt an, um welchen Betrag sich der Preis auf dem Taxameter (Fahrpreisanzeiger) nach Zur\u00fccklegen einer bestimmten Teilstrecke bzw. nach Ablauf einer bestimmten Zeiteinheit erh\u00f6ht.<\/li>\n<li>Bei verkehrsbedingtem <strong>Langsamfahren oder Anhalten<\/strong> des Taxis schaltet das Taxameter automatisch vom Streckenpreis in den <strong>Zeitpreis<\/strong>. Die Fahrtgeschwindigkeit, bei der sich dieser Wechsel vollzieht (Umschaltgeschwindigkeit), berechnet sich dynamisch aus der Division des Zeitpreises durch den jeweils geltenden Streckenpreis.<\/li>\n<li>Bei Fahrten innerhalb der Stadt Freiburg i. Br. ist die Anfahrt zum Bestellenden kostenfrei. Bei Fahrten, die <strong>westlich der Bundesautobahn 5<\/strong> beginnen und enden, wird ein <strong>Zuschlag von 6,00 Euro<\/strong> erhoben.<\/li>\n<li>Die festgesetzten Bef\u00f6rderungstarife d\u00fcrfen nicht \u00fcber- oder unterschritten werden und sind gleichm\u00e4\u00dfig anzuwenden. Weitere Zuschl\u00e4ge sind nicht zul\u00e4ssig und d\u00fcrfen nicht erhoben werden.<\/li>\n<\/ul>\n<p>[\/et_pb_text][et_pb_text admin_label=&#8220;Text Euro\/AGB&#8220; _builder_version=&#8220;4.21.0&#8243; global_colors_info=&#8220;{}&#8220;]<\/p>\n<p>Alle angebenen Fahrdienst-Preise verstehen sich in Euro inklusive der jeweils g\u00fcltigen, gesetzlichen Umsatzsteuer. Es gelten unsere Allgemeinen Gesch\u00e4ftsbedingungen f\u00fcr Fahrdienste <strong><a href=\"https:\/\/www.taxi-garage.de\/cms\/taxi-fahrdienste\/agb-befoerderung\/\">AGB-Bef\u00f6rderung<\/a><\/strong>.<\/p>\n<p>[\/et_pb_text][\/et_pb_column][\/et_pb_row][\/et_pb_section]<\/p>\n","protected":false},"excerpt":{"rendered":"<p>Amtlicher Freiburger Taxitarif Auszug aus der Verordnung \u00fcber die Festsetzung der Bef\u00f6rderungsentgelte und Bef\u00f6rderungsbedingungen f\u00fcr den Gelegenheitsverkehr mit Taxen in der Stadt Freiburg im Breisgau (Taxentarif). G\u00fcltig ab 1. Mai 2023 Standardtaxi bis 4 Fahrg\u00e4ste Fahrpreis\u00ad\u00adzusammensetzung Tarifstufe I (Tagtarif in Euro) Tarifstufe II (Nachttarif in Euro) Grundpreis einschlie\u00dflich der ersten Fortschalteinheit 5,00 EUR 6,50 EUR [&hellip;]<\/p>\n","protected":false},"author":2,"featured_media":0,"parent":493,"menu_order":25,"comment_status":"closed","ping_status":"closed","template":"","meta":{"_et_pb_use_builder":"on","_et_pb_old_content":"","_et_gb_content_width":"","footnotes":""},"class_list":["post-569","page","type-page","status-publish","hentry"],"_links":{"self":[{"href":"https:\/\/www.taxi-garage.de\/cms\/wp-json\/wp\/v2\/pages\/569","targetHints":{"allow":["GET"]}}],"collection":[{"href":"https:\/\/www.taxi-garage.de\/cms\/wp-json\/wp\/v2\/pages"}],"about":[{"href":"https:\/\/www.taxi-garage.de\/cms\/wp-json\/wp\/v2\/types\/page"}],"author":[{"embeddable":true,"href":"https:\/\/www.taxi-garage.de\/cms\/wp-json\/wp\/v2\/users\/2"}],"replies":[{"embeddable":true,"href":"https:\/\/www.taxi-garage.de\/cms\/wp-json\/wp\/v2\/comments?post=569"}],"version-history":[{"count":0,"href":"https:\/\/www.taxi-garage.de\/cms\/wp-json\/wp\/v2\/pages\/569\/revisions"}],"up":[{"embeddable":true,"href":"https:\/\/www.taxi-garage.de\/cms\/wp-json\/wp\/v2\/pages\/493"}],"wp:attachment":[{"href":"https:\/\/www.taxi-garage.de\/cms\/wp-json\/wp\/v2\/media?parent=569"}],"curies":[{"name":"wp","href":"https:\/\/api.w.org\/{rel}","templated":true}]}}